{"id":247,"date":"2020-09-15T15:06:01","date_gmt":"2020-09-15T13:06:01","guid":{"rendered":"http:\/\/courroiescooter.com\/?page_id=247"},"modified":"2020-11-10T15:22:49","modified_gmt":"2020-11-10T14:22:49","slug":"courroie-1pe40qmb-keeway-tnt-generic-ksr-16-5x795mm-50-2t","status":"publish","type":"page","link":"https:\/\/courroiescooter.com\/index.php\/courroie-1pe40qmb-keeway-tnt-generic-ksr-16-5x795mm-50-2t\/","title":{"rendered":"COURROIE 1PE40QMB KEEWAY, TNT, GENERIC KSR&#8230; 16,5X795MM 50 2T"},"content":{"rendered":"<div id=\"metaslider-id-253\" style=\"max-width: 500px;\" class=\"ml-slider-3-18-7 metaslider metaslider-flex metaslider-253 ml-slider nav-hidden\">\n    <div id=\"metaslider_container_253\">\n        <div id=\"metaslider_253\">\n            <ul aria-live=\"polite\" class=\"slides\">\n                <li style=\"display: block; width: 100%;\" class=\"slide-255 ms-image\"><img src=\"https:\/\/courroiescooter.com\/wp-content\/uploads\/2020\/09\/198100-500x500.jpg\" height=\"500\" width=\"500\" alt=\"\" class=\"slider-253 slide-255\" title=\"198100\" \/><\/li>\n                <li style=\"display: none; width: 100%;\" class=\"slide-258 ms-image\"><img src=\"https:\/\/courroiescooter.com\/wp-content\/uploads\/2020\/09\/198101-500x500.jpg\" height=\"500\" width=\"500\" alt=\"\" class=\"slider-253 slide-258\" title=\"198101\" \/><\/li>\n                <li style=\"display: none; width: 100%;\" class=\"slide-259 ms-image\"><img src=\"https:\/\/courroiescooter.com\/wp-content\/uploads\/2020\/09\/198102-500x500.jpg\" height=\"500\" width=\"500\" alt=\"\" class=\"slider-253 slide-259\" title=\"198102\" \/><\/li>\n                <li style=\"display: none; width: 100%;\" class=\"slide-1027 ms-image\"><img src=\"https:\/\/courroiescooter.com\/wp-content\/uploads\/2020\/09\/comment-mesurer-sa-courroie-500x500.jpg\" height=\"500\" width=\"500\" alt=\"\" class=\"slider-253 slide-1027\" title=\"comment-mesurer-sa-courroie\" \/><\/li>\n            <\/ul>\n        <\/div>\n        \n    <\/div>\n<\/div>\n<div id=\"txtfichepdt\">\n<h2 style=\"font-size: 28px;\">Courroie 16,5x795mm pour moteur 1PE40QMB 50cc 2T<\/h2>\n<p style=\"font-size: 14px;\">Courroie de transmission trap\u00e9zo\u00efdale neuve adaptable pour scooter 50cc 2 temps CPI Oliver, Ride Classic, Generic Cracker, Keeway Fact, TNT Roma&#8230; Il est indispensable de s&#8217;assurer du type de courroie dont vous avez besoin avant commande. Pour cela il suffit de mesurer la largeur, \u00e9paisseur et longueur de votre ancienne courroie..<\/p>\n<p style=\"font-size: 14px;\">Caract\u00e9ristiques techniques et dimensions de la courroie:<\/p>\n<p style=\"font-size: 14px;\">Longueur totale: 41mm<br>Diam\u00e8tre int\u00e9rieur: 13,5mm<br><span style=\"font-size: inherit;\">Diam\u00e8tre ext\u00e9rieur: 44mm<br><\/span><span style=\"font-size: inherit;\">Dimensions du filtre d\u00e9taill\u00e9es sur le sch\u00e9ma<\/span><\/p>\n<p style=\"font-size: 14px;\"><a class=\"fasc-button fasc-size-large fasc-type-glossy fasc-rounded-medium fasc-ico-before dashicons-cart fasc-style-bold\" style=\"background-color: #00d400; color: #000000;\" target=\"_blank\" rel=\"noopener noreferrer\" href=\"https:\/\/www.50factory.com\/pieces-neuves\/23548-courroie-1pe40qmb-keeway-tnt-generic-ksr-165x795mm-50-2t.html\">Commandez en ligne<\/a> <br>\u00c9galement disponible dans <a href=\"https:\/\/www.50factory.com\/content\/1450-garage-partenaire-50-factorycom\" target=\"_blank\" rel=\"noopener noreferrer\">nos garages partenaires<\/a><\/p>\n<\/div>\n\n\n<p><\/p>\n","protected":false},"excerpt":{"rendered":"<p>Courroie 16,5x795mm pour moteur 1PE40QMB 50cc 2T Courroie de transmission trap\u00e9zo\u00efdale neuve adaptable pour scooter 50cc 2 temps CPI Oliver, Ride Classic, Generic Cracker, Keeway Fact, TNT Roma&#8230; Il est indispensable de s&#8217;assurer du type de courroie dont vous avez besoin avant commande. Pour cela il suffit de mesurer la largeur, \u00e9paisseur et longueur de&hellip;&nbsp;<a href=\"https:\/\/courroiescooter.com\/index.php\/courroie-1pe40qmb-keeway-tnt-generic-ksr-16-5x795mm-50-2t\/\" class=\"\" rel=\"bookmark\">Read More &raquo;<span class=\"screen-reader-text\">COURROIE 1PE40QMB KEEWAY, TNT, GENERIC KSR&#8230; 16,5X795MM 50 2T<\/span><\/a><\/p>\n","protected":false},"author":1,"featured_media":254,"parent":0,"menu_order":0,"comment_status":"closed","ping_status":"closed","template":"","meta":{"neve_meta_sidebar":"full-width","neve_meta_container":"","neve_meta_enable_content_width":"on","neve_meta_content_width":100,"neve_meta_title_alignment":"","neve_meta_author_avatar":"","neve_post_elements_order":"","neve_meta_disable_header":"","neve_meta_disable_footer":"","neve_meta_disable_title":""},"tags":[98],"yoast_head":"<!-- This site is optimized with the Yoast SEO plugin v15.2 - https:\/\/yoast.com\/wordpress\/plugins\/seo\/ -->\n<title>Courroie Scooter CPI Oliver, Ride Classic, Generic Cracker 50<\/title>\n<meta name=\"description\" content=\"Courroie de transmission scooter CPI Oliver, Ride Classic, Generic Cracker, Keeway Fact, TNT Roma. Sp\u00e9cialiste des courroies pour scooter.\" \/>\n<meta name=\"robots\" content=\"index, follow, max-snippet:-1, max-image-preview:large, max-video-preview:-1\" \/>\n<link rel=\"canonical\" href=\"https:\/\/courroiescooter.com\/index.php\/courroie-1pe40qmb-keeway-tnt-generic-ksr-16-5x795mm-50-2t\/\" \/>\n<meta property=\"og:locale\" content=\"en_US\" \/>\n<meta property=\"og:type\" content=\"article\" \/>\n<meta property=\"og:title\" content=\"Courroie Scooter CPI Oliver, Ride Classic, Generic Cracker 50\" \/>\n<meta property=\"og:description\" content=\"Courroie de transmission scooter CPI Oliver, Ride Classic, Generic Cracker, Keeway Fact, TNT Roma. Sp\u00e9cialiste des courroies pour scooter.\" \/>\n<meta property=\"og:url\" content=\"https:\/\/courroiescooter.com\/index.php\/courroie-1pe40qmb-keeway-tnt-generic-ksr-16-5x795mm-50-2t\/\" \/>\n<meta property=\"og:site_name\" content=\"Courroiescooter.com\" \/>\n<meta property=\"article:modified_time\" content=\"2020-11-10T14:22:49+00:00\" \/>\n<meta property=\"og:image\" content=\"https:\/\/courroiescooter.com\/wp-content\/uploads\/2020\/09\/198100.jpg\" \/>\n\t<meta property=\"og:image:width\" content=\"980\" \/>\n\t<meta property=\"og:image:height\" content=\"980\" \/>\n<meta name=\"twitter:card\" content=\"summary_large_image\" \/>\n<meta name=\"twitter:label1\" value=\"Written by\">\n\t<meta name=\"twitter:data1\" value=\"admin2296\">\n\t<meta name=\"twitter:label2\" value=\"Est. reading time\">\n\t<meta name=\"twitter:data2\" value=\"0 minutes\">\n<script type=\"application\/ld+json\" class=\"yoast-schema-graph\">{\"@context\":\"https:\/\/schema.org\",\"@graph\":[{\"@type\":\"WebSite\",\"@id\":\"https:\/\/courroiescooter.com\/#website\",\"url\":\"https:\/\/courroiescooter.com\/\",\"name\":\"Courroiescooter.com\",\"description\":\"\",\"potentialAction\":[{\"@type\":\"SearchAction\",\"target\":\"https:\/\/courroiescooter.com\/?s={search_term_string}\",\"query-input\":\"required name=search_term_string\"}],\"inLanguage\":\"en-US\"},{\"@type\":\"ImageObject\",\"@id\":\"https:\/\/courroiescooter.com\/index.php\/courroie-1pe40qmb-keeway-tnt-generic-ksr-16-5x795mm-50-2t\/#primaryimage\",\"inLanguage\":\"en-US\",\"url\":\"https:\/\/courroiescooter.com\/wp-content\/uploads\/2020\/09\/198100.jpg\",\"width\":980,\"height\":980},{\"@type\":\"WebPage\",\"@id\":\"https:\/\/courroiescooter.com\/index.php\/courroie-1pe40qmb-keeway-tnt-generic-ksr-16-5x795mm-50-2t\/#webpage\",\"url\":\"https:\/\/courroiescooter.com\/index.php\/courroie-1pe40qmb-keeway-tnt-generic-ksr-16-5x795mm-50-2t\/\",\"name\":\"Courroie Scooter CPI Oliver, Ride Classic, Generic Cracker 50\",\"isPartOf\":{\"@id\":\"https:\/\/courroiescooter.com\/#website\"},\"primaryImageOfPage\":{\"@id\":\"https:\/\/courroiescooter.com\/index.php\/courroie-1pe40qmb-keeway-tnt-generic-ksr-16-5x795mm-50-2t\/#primaryimage\"},\"datePublished\":\"2020-09-15T13:06:01+00:00\",\"dateModified\":\"2020-11-10T14:22:49+00:00\",\"description\":\"Courroie de transmission scooter CPI Oliver, Ride Classic, Generic Cracker, Keeway Fact, TNT Roma. Sp\\u00e9cialiste des courroies pour scooter.\",\"inLanguage\":\"en-US\",\"potentialAction\":[{\"@type\":\"ReadAction\",\"target\":[\"https:\/\/courroiescooter.com\/index.php\/courroie-1pe40qmb-keeway-tnt-generic-ksr-16-5x795mm-50-2t\/\"]}]}]}<\/script>\n<!-- \/ Yoast SEO plugin. -->","_links":{"self":[{"href":"https:\/\/courroiescooter.com\/index.php\/wp-json\/wp\/v2\/pages\/247"}],"collection":[{"href":"https:\/\/courroiescooter.com\/index.php\/wp-json\/wp\/v2\/pages"}],"about":[{"href":"https:\/\/courroiescooter.com\/index.php\/wp-json\/wp\/v2\/types\/page"}],"author":[{"embeddable":true,"href":"https:\/\/courroiescooter.com\/index.php\/wp-json\/wp\/v2\/users\/1"}],"replies":[{"embeddable":true,"href":"https:\/\/courroiescooter.com\/index.php\/wp-json\/wp\/v2\/comments?post=247"}],"version-history":[{"count":28,"href":"https:\/\/courroiescooter.com\/index.php\/wp-json\/wp\/v2\/pages\/247\/revisions"}],"predecessor-version":[{"id":1572,"href":"https:\/\/courroiescooter.com\/index.php\/wp-json\/wp\/v2\/pages\/247\/revisions\/1572"}],"wp:featuredmedia":[{"embeddable":true,"href":"https:\/\/courroiescooter.com\/index.php\/wp-json\/wp\/v2\/media\/254"}],"wp:attachment":[{"href":"https:\/\/courroiescooter.com\/index.php\/wp-json\/wp\/v2\/media?parent=247"}],"wp:term":[{"taxonomy":"post_tag","embeddable":true,"href":"https:\/\/courroiescooter.com\/index.php\/wp-json\/wp\/v2\/tags?post=247"}],"curies":[{"name":"wp","href":"https:\/\/api.w.org\/{rel}","templated":true}]}}