{"id":1282,"date":"2020-09-17T15:20:04","date_gmt":"2020-09-17T13:20:04","guid":{"rendered":"http:\/\/courroiescooter.com\/?page_id=1282"},"modified":"2020-11-17T14:17:46","modified_gmt":"2020-11-17T13:17:46","slug":"artek","status":"publish","type":"page","link":"https:\/\/courroiescooter.com\/index.php\/rechercher-par-marque\/artek\/","title":{"rendered":"Artek"},"content":{"rendered":"\t\t<div data-elementor-type=\"wp-page\" data-elementor-id=\"1282\" class=\"elementor elementor-1282\" data-elementor-settings=\"[]\">\n\t\t\t\t\t\t<div class=\"elementor-inner\">\n\t\t\t\t\t\t\t<div class=\"elementor-section-wrap\">\n\t\t\t\t\t\t\t<section class=\"elementor-section elementor-top-section elementor-element elementor-element-b1ebdca elementor-section-boxed elementor-section-height-default elementor-section-height-default\" data-id=\"b1ebdca\" data-element_type=\"section\">\n\t\t\t\t\t\t<div class=\"elementor-container elementor-column-gap-default\">\n\t\t\t\t\t\t\t<div class=\"elementor-row\">\n\t\t\t\t\t<div class=\"elementor-column elementor-col-50 elementor-top-column elementor-element elementor-element-193c808\" data-id=\"193c808\" data-element_type=\"column\">\n\t\t\t<div class=\"elementor-column-wrap elementor-element-populated\">\n\t\t\t\t\t\t\t<div class=\"elementor-widget-wrap\">\n\t\t\t\t\t\t<div class=\"elementor-element elementor-element-670bb59 elementor-widget elementor-widget-heading\" data-id=\"670bb59\" data-element_type=\"widget\" data-widget_type=\"heading.default\">\n\t\t\t\t<div class=\"elementor-widget-container\">\n\t\t\t<h1 class=\"elementor-heading-title elementor-size-default\">Artek<\/h1>\t\t<\/div>\n\t\t\t\t<\/div>\n\t\t\t\t<div class=\"elementor-element elementor-element-43c3139 elementor-widget elementor-widget-text-editor\" data-id=\"43c3139\" data-element_type=\"widget\" data-widget_type=\"text-editor.default\">\n\t\t\t\t<div class=\"elementor-widget-container\">\n\t\t\t\t\t<div class=\"elementor-text-editor elementor-clearfix\"><p>N\u00e9e en 2008 dans la r\u00e9gion nantaise, Artek est une marque fran\u00e7aise qui a rapidement fait ses preuves gr\u00e2ce \u00e0 des produits pr\u00e9sentant de tr\u00e8s bonnes performances, une qualit\u00e9 sup\u00e9rieure et un prix juste.<br \/>Aujourd\u2019hui, Artek appartient \u00e0 l&#8217;entreprise P2R. Les pi\u00e8ces d\u00e9tach\u00e9es Artek pour scooter 50cc, 50 \u00e0 boite et autres deux roues sont tr\u00e8s r\u00e9put\u00e9es. La marque s\u2019est bien d\u00e9velopp\u00e9e, toujours en innovant pour proposer des produits de qualit\u00e9.\u00a0 Les courroies trap\u00e9zo\u00efdales Artek se d\u00e9marquent des courroies d&#8217;autres marques connues par leur robustesse \u00e9patante. Nous vous proposons ce catalogue de courroies Artek car nous appr\u00e9cions le soin apport\u00e9 aux pi\u00e8ces, toujours tr\u00e8s r\u00e9ussies en termes de qualit\u00e9 et de fonctionnalit\u00e9.<\/p><\/div>\n\t\t\t\t<\/div>\n\t\t\t\t<\/div>\n\t\t\t\t\t\t<\/div>\n\t\t\t\t\t<\/div>\n\t\t<\/div>\n\t\t\t\t<div class=\"elementor-column elementor-col-50 elementor-top-column elementor-element elementor-element-09c626e\" data-id=\"09c626e\" data-element_type=\"column\">\n\t\t\t<div class=\"elementor-column-wrap elementor-element-populated\">\n\t\t\t\t\t\t\t<div class=\"elementor-widget-wrap\">\n\t\t\t\t\t\t<div class=\"elementor-element elementor-element-52ca93f elementor--h-position-center elementor--v-position-middle elementor-arrows-position-inside elementor-pagination-position-inside elementor-widget elementor-widget-slides\" data-id=\"52ca93f\" data-element_type=\"widget\" data-settings=\"{&quot;navigation&quot;:&quot;both&quot;,&quot;autoplay&quot;:&quot;yes&quot;,&quot;pause_on_hover&quot;:&quot;yes&quot;,&quot;pause_on_interaction&quot;:&quot;yes&quot;,&quot;autoplay_speed&quot;:5000,&quot;infinite&quot;:&quot;yes&quot;,&quot;transition&quot;:&quot;slide&quot;,&quot;transition_speed&quot;:500}\" data-widget_type=\"slides.default\">\n\t\t\t\t<div class=\"elementor-widget-container\">\n\t\t\t\t\t<div class=\"elementor-swiper\">\n\t\t\t<div class=\"elementor-slides-wrapper elementor-main-swiper swiper-container\" dir=\"ltr\" data-animation=\"fadeInRight\">\n\t\t\t\t<div class=\"swiper-wrapper elementor-slides\">\n\t\t\t\t\t<div class=\"elementor-repeater-item-c06aaaf swiper-slide\"><div class=\"swiper-slide-bg\"><\/div><div class=\"swiper-slide-inner\" ><div class=\"swiper-slide-contents\"><\/div><\/div><\/div>\t\t\t\t<\/div>\n\t\t\t\t\t\t\t<\/div>\n\t\t<\/div>\n\t\t\t\t<\/div>\n\t\t\t\t<\/div>\n\t\t\t\t\t\t<\/div>\n\t\t\t\t\t<\/div>\n\t\t<\/div>\n\t\t\t\t\t\t\t\t<\/div>\n\t\t\t\t\t<\/div>\n\t\t<\/section>\n\t\t\t\t<section class=\"elementor-section elementor-top-section elementor-element elementor-element-2fa7481 elementor-section-boxed elementor-section-height-default elementor-section-height-default\" data-id=\"2fa7481\" data-element_type=\"section\">\n\t\t\t\t\t\t<div class=\"elementor-container elementor-column-gap-default\">\n\t\t\t\t\t\t\t<div class=\"elementor-row\">\n\t\t\t\t\t<div class=\"elementor-column elementor-col-100 elementor-top-column elementor-element elementor-element-b0c7180\" data-id=\"b0c7180\" data-element_type=\"column\">\n\t\t\t<div class=\"elementor-column-wrap elementor-element-populated\">\n\t\t\t\t\t\t\t<div class=\"elementor-widget-wrap\">\n\t\t\t\t\t\t<div class=\"elementor-element elementor-element-1d0f050 elementor-grid-4 elementor-grid-tablet-2 elementor-grid-mobile-1 elementor-widget elementor-widget-portfolio\" data-id=\"1d0f050\" data-element_type=\"widget\" data-settings=\"{&quot;columns&quot;:&quot;4&quot;,&quot;row_gap&quot;:{&quot;unit&quot;:&quot;px&quot;,&quot;size&quot;:7,&quot;sizes&quot;:[]},&quot;item_ratio&quot;:{&quot;unit&quot;:&quot;px&quot;,&quot;size&quot;:1,&quot;sizes&quot;:[]},&quot;columns_tablet&quot;:&quot;2&quot;,&quot;columns_mobile&quot;:&quot;1&quot;,&quot;item_gap&quot;:{&quot;unit&quot;:&quot;px&quot;,&quot;size&quot;:&quot;&quot;,&quot;sizes&quot;:[]}}\" data-widget_type=\"portfolio.default\">\n\t\t\t\t<div class=\"elementor-widget-container\">\n\t\t\t\t\t<div class=\"elementor-portfolio elementor-grid elementor-posts-container\">\n\t\t\t\t<article class=\"elementor-portfolio-item elementor-post elementor-filter-93 post-377 page type-page status-publish has-post-thumbnail hentry tag-artek\">\n\t\t\t<a class=\"elementor-post__thumbnail__link\" href=\"https:\/\/courroiescooter.com\/index.php\/courroie-gilera-stalker-piaggio-typhoon-18x805mm-50-2t-artek\/\">\n\t\t\t\t<div class=\"elementor-portfolio-item__img elementor-post__thumbnail\">\n\t\t\t<img width=\"980\" height=\"980\" src=\"https:\/\/courroiescooter.com\/wp-content\/uploads\/2020\/09\/319962.jpg\" class=\"attachment-full size-full\" alt=\"\" loading=\"lazy\" srcset=\"https:\/\/courroiescooter.com\/wp-content\/uploads\/2020\/09\/319962.jpg 980w, https:\/\/courroiescooter.com\/wp-content\/uploads\/2020\/09\/319962-300x300.jpg 300w, https:\/\/courroiescooter.com\/wp-content\/uploads\/2020\/09\/319962-150x150.jpg 150w, https:\/\/courroiescooter.com\/wp-content\/uploads\/2020\/09\/319962-768x768.jpg 768w, https:\/\/courroiescooter.com\/wp-content\/uploads\/2020\/09\/319962-500x500.jpg 500w\" sizes=\"(max-width: 980px) 100vw, 980px\" \/>\t\t<\/div>\n\t\t\t\t<div class=\"elementor-portfolio-item__overlay\">\n\t\t\t\t<h3 class=\"elementor-portfolio-item__title\">\n\t\tCOURROIE GILERA STALKER, PIAGGIO TYPHOON&#8230; 18X805MM 50 2T ARTEK\t\t<\/h3>\n\t\t\t\t<\/div>\n\t\t\t\t<\/a>\n\t\t<\/article>\n\t\t\t\t<article class=\"elementor-portfolio-item elementor-post elementor-filter-93 post-483 page type-page status-publish has-post-thumbnail hentry tag-artek\">\n\t\t\t<a class=\"elementor-post__thumbnail__link\" href=\"https:\/\/courroiescooter.com\/index.php\/courroie-mbk-booster-nitro-pgo-164x764mm-50-2t-artek\/\">\n\t\t\t\t<div class=\"elementor-portfolio-item__img elementor-post__thumbnail\">\n\t\t\t<img width=\"980\" height=\"980\" src=\"https:\/\/courroiescooter.com\/wp-content\/uploads\/2020\/09\/319978.jpg\" class=\"attachment-full size-full\" alt=\"\" loading=\"lazy\" srcset=\"https:\/\/courroiescooter.com\/wp-content\/uploads\/2020\/09\/319978.jpg 980w, https:\/\/courroiescooter.com\/wp-content\/uploads\/2020\/09\/319978-300x300.jpg 300w, https:\/\/courroiescooter.com\/wp-content\/uploads\/2020\/09\/319978-150x150.jpg 150w, https:\/\/courroiescooter.com\/wp-content\/uploads\/2020\/09\/319978-768x768.jpg 768w, https:\/\/courroiescooter.com\/wp-content\/uploads\/2020\/09\/319978-500x500.jpg 500w\" sizes=\"(max-width: 980px) 100vw, 980px\" \/>\t\t<\/div>\n\t\t\t\t<div class=\"elementor-portfolio-item__overlay\">\n\t\t\t\t<h3 class=\"elementor-portfolio-item__title\">\n\t\tCOURROIE MBK BOOSTER, NITRO, PGO&#8230; 16,4X764MM 50 2T ARTEK\t\t<\/h3>\n\t\t\t\t<\/div>\n\t\t\t\t<\/a>\n\t\t<\/article>\n\t\t\t\t<article class=\"elementor-portfolio-item elementor-post elementor-filter-93 post-822 page type-page status-publish has-post-thumbnail hentry tag-artek\">\n\t\t\t<a class=\"elementor-post__thumbnail__link\" href=\"https:\/\/courroiescooter.com\/index.php\/courroie-peugeot-kisbee-ludix-tkr-183x784mm-50-2t-artek\/\">\n\t\t\t\t<div class=\"elementor-portfolio-item__img elementor-post__thumbnail\">\n\t\t\t<img width=\"980\" height=\"980\" src=\"https:\/\/courroiescooter.com\/wp-content\/uploads\/2020\/09\/319974.jpg\" class=\"attachment-full size-full\" alt=\"Courroie de transmission trap\u00e9zo\u00efdale pour scooter\" loading=\"lazy\" srcset=\"https:\/\/courroiescooter.com\/wp-content\/uploads\/2020\/09\/319974.jpg 980w, https:\/\/courroiescooter.com\/wp-content\/uploads\/2020\/09\/319974-300x300.jpg 300w, https:\/\/courroiescooter.com\/wp-content\/uploads\/2020\/09\/319974-150x150.jpg 150w, https:\/\/courroiescooter.com\/wp-content\/uploads\/2020\/09\/319974-768x768.jpg 768w, https:\/\/courroiescooter.com\/wp-content\/uploads\/2020\/09\/319974-500x500.jpg 500w\" sizes=\"(max-width: 980px) 100vw, 980px\" \/>\t\t<\/div>\n\t\t\t\t<div class=\"elementor-portfolio-item__overlay\">\n\t\t\t\t<h3 class=\"elementor-portfolio-item__title\">\n\t\tCOURROIE PEUGEOT KISBEE, LUDIX, TKR&#8230; 18,3X784MM 50 2T ARTEK\t\t<\/h3>\n\t\t\t\t<\/div>\n\t\t\t\t<\/a>\n\t\t<\/article>\n\t\t\t\t<\/div>\n\t\t\t\t<\/div>\n\t\t\t\t<\/div>\n\t\t\t\t\t\t<\/div>\n\t\t\t\t\t<\/div>\n\t\t<\/div>\n\t\t\t\t\t\t\t\t<\/div>\n\t\t\t\t\t<\/div>\n\t\t<\/section>\n\t\t\t\t<section class=\"elementor-section elementor-top-section elementor-element elementor-element-7efac7c elementor-section-boxed elementor-section-height-default elementor-section-height-default\" data-id=\"7efac7c\" data-element_type=\"section\">\n\t\t\t\t\t\t<div class=\"elementor-container elementor-column-gap-default\">\n\t\t\t\t\t\t\t<div class=\"elementor-row\">\n\t\t\t\t\t<div class=\"elementor-column elementor-col-100 elementor-top-column elementor-element elementor-element-4871a83\" data-id=\"4871a83\" data-element_type=\"column\">\n\t\t\t<div class=\"elementor-column-wrap elementor-element-populated\">\n\t\t\t\t\t\t\t<div class=\"elementor-widget-wrap\">\n\t\t\t\t\t\t<div class=\"elementor-element elementor-element-65c9d6a elementor-widget elementor-widget-text-editor\" data-id=\"65c9d6a\" data-element_type=\"widget\" data-widget_type=\"text-editor.default\">\n\t\t\t\t<div class=\"elementor-widget-container\">\n\t\t\t\t\t<div class=\"elementor-text-editor elementor-clearfix\"><p>La <strong>courroie Artek<\/strong> est une r\u00e9f\u00e9rence dans le domaine du scooter. Les courroies trap\u00e9zo\u00efdales de cette marque sont robustes et tr\u00e8s bon march\u00e9. Pour garantir votre s\u00e9curit\u00e9 et le bon fonctionnement de votre scooter 50cc, nous vous conseillons de v\u00e9rifier r\u00e9guli\u00e8rement l&#8217;\u00e9tat de votre courroie et de la changer si le besoin est. Nous proposons des courroies Artek compatibles avec plusieurs mod\u00e8les de scooters comme les scooters 50cc 2 temps Gilera Stalker, Piaggio Typhoon, Derbi Atlantis, Aprilia Mojito Custom, MBK Booster, Yamaha Aerox, Aprilia SR, Beta Ark, PGO Big Max, Peugeot Kisbee, Ludix, TKR, Streetzone, Vivacity&#8230;\u00a0<\/p><\/div>\n\t\t\t\t<\/div>\n\t\t\t\t<\/div>\n\t\t\t\t\t\t<\/div>\n\t\t\t\t\t<\/div>\n\t\t<\/div>\n\t\t\t\t\t\t\t\t<\/div>\n\t\t\t\t\t<\/div>\n\t\t<\/section>\n\t\t\t\t\t\t<\/div>\n\t\t\t\t\t\t<\/div>\n\t\t\t\t\t<\/div>\n\t\t","protected":false},"excerpt":{"rendered":"<p>Artek N\u00e9e en 2008 dans la r\u00e9gion nantaise, Artek est une marque fran\u00e7aise qui a rapidement fait ses preuves gr\u00e2ce \u00e0 des produits pr\u00e9sentant de tr\u00e8s bonnes performances, une qualit\u00e9 sup\u00e9rieure et un prix juste. Aujourd\u2019hui, Artek appartient \u00e0 l&#8217;entreprise P2R. Les pi\u00e8ces d\u00e9tach\u00e9es Artek pour scooter 50cc, 50 \u00e0 boite et autres deux roues&hellip;&nbsp;<a href=\"https:\/\/courroiescooter.com\/index.php\/courroie-peugeot-kisbee-ludix-tkr-183x784mm-50-2t-artek\/\" class=\"\" rel=\"bookmark\">Read More &raquo;<span class=\"screen-reader-text\">COURROIE PEUGEOT KISBEE, LUDIX, TKR&#8230; 18,3X784MM 50 2T ARTEK<\/span><\/a><\/p>\n","protected":false},"author":1,"featured_media":1223,"parent":113,"menu_order":0,"comment_status":"closed","ping_status":"closed","template":"page-templates\/template-pagebuilder-full-width.php","meta":{"neve_meta_sidebar":"full-width","neve_meta_container":"","neve_meta_enable_content_width":"on","neve_meta_content_width":100,"neve_meta_title_alignment":"","neve_meta_author_avatar":"","neve_post_elements_order":"","neve_meta_disable_header":"","neve_meta_disable_footer":"","neve_meta_disable_title":""},"tags":[],"yoast_head":"<!-- This site is optimized with the Yoast SEO plugin v15.2 - https:\/\/yoast.com\/wordpress\/plugins\/seo\/ -->\n<title>Courroies de Transmission de Qualit\u00e9 pour Scooter - Artek<\/title>\n<meta name=\"robots\" content=\"index, follow, max-snippet:-1, max-image-preview:large, max-video-preview:-1\" \/>\n<link rel=\"canonical\" href=\"https:\/\/courroiescooter.com\/index.php\/rechercher-par-marque\/artek\/\" \/>\n<meta property=\"og:locale\" content=\"en_US\" \/>\n<meta property=\"og:type\" content=\"article\" \/>\n<meta property=\"og:title\" content=\"Courroies de Transmission de Qualit\u00e9 pour Scooter - Artek\" \/>\n<meta property=\"og:description\" content=\"Artek N\u00e9e en 2008 dans la r\u00e9gion nantaise, Artek est une marque fran\u00e7aise qui a rapidement fait ses preuves gr\u00e2ce \u00e0 des produits pr\u00e9sentant de tr\u00e8s bonnes performances, une qualit\u00e9 sup\u00e9rieure et un prix juste. Aujourd\u2019hui, Artek appartient \u00e0 l&#8217;entreprise P2R. Les pi\u00e8ces d\u00e9tach\u00e9es Artek pour scooter 50cc, 50 \u00e0 boite et autres deux roues&hellip;&nbsp;Read More &raquo;COURROIE PEUGEOT KISBEE, LUDIX, TKR&#8230; 18,3X784MM 50 2T ARTEK\" \/>\n<meta property=\"og:url\" content=\"https:\/\/courroiescooter.com\/index.php\/rechercher-par-marque\/artek\/\" \/>\n<meta property=\"og:site_name\" content=\"Courroiescooter.com\" \/>\n<meta property=\"article:modified_time\" content=\"2020-11-17T13:17:46+00:00\" \/>\n<meta property=\"og:image\" content=\"https:\/\/courroiescooter.com\/wp-content\/uploads\/2020\/09\/logo-artek-1.png\" \/>\n\t<meta property=\"og:image:width\" content=\"450\" \/>\n\t<meta property=\"og:image:height\" content=\"142\" \/>\n<meta name=\"twitter:card\" content=\"summary_large_image\" \/>\n<meta name=\"twitter:label1\" value=\"Written by\">\n\t<meta name=\"twitter:data1\" value=\"admin2296\">\n\t<meta name=\"twitter:label2\" value=\"Est. reading time\">\n\t<meta name=\"twitter:data2\" value=\"1 minute\">\n<script type=\"application\/ld+json\" class=\"yoast-schema-graph\">{\"@context\":\"https:\/\/schema.org\",\"@graph\":[{\"@type\":\"WebSite\",\"@id\":\"https:\/\/courroiescooter.com\/#website\",\"url\":\"https:\/\/courroiescooter.com\/\",\"name\":\"Courroiescooter.com\",\"description\":\"\",\"potentialAction\":[{\"@type\":\"SearchAction\",\"target\":\"https:\/\/courroiescooter.com\/?s={search_term_string}\",\"query-input\":\"required name=search_term_string\"}],\"inLanguage\":\"en-US\"},{\"@type\":\"ImageObject\",\"@id\":\"https:\/\/courroiescooter.com\/index.php\/rechercher-par-marque\/artek\/#primaryimage\",\"inLanguage\":\"en-US\",\"url\":\"https:\/\/courroiescooter.com\/wp-content\/uploads\/2020\/09\/logo-artek-1.png\",\"width\":450,\"height\":142},{\"@type\":\"WebPage\",\"@id\":\"https:\/\/courroiescooter.com\/index.php\/rechercher-par-marque\/artek\/#webpage\",\"url\":\"https:\/\/courroiescooter.com\/index.php\/rechercher-par-marque\/artek\/\",\"name\":\"Courroies de Transmission de Qualit\\u00e9 pour Scooter - Artek\",\"isPartOf\":{\"@id\":\"https:\/\/courroiescooter.com\/#website\"},\"primaryImageOfPage\":{\"@id\":\"https:\/\/courroiescooter.com\/index.php\/rechercher-par-marque\/artek\/#primaryimage\"},\"datePublished\":\"2020-09-17T13:20:04+00:00\",\"dateModified\":\"2020-11-17T13:17:46+00:00\",\"inLanguage\":\"en-US\",\"potentialAction\":[{\"@type\":\"ReadAction\",\"target\":[\"https:\/\/courroiescooter.com\/index.php\/rechercher-par-marque\/artek\/\"]}]}]}<\/script>\n<!-- \/ Yoast SEO plugin. -->","_links":{"self":[{"href":"https:\/\/courroiescooter.com\/index.php\/wp-json\/wp\/v2\/pages\/1282"}],"collection":[{"href":"https:\/\/courroiescooter.com\/index.php\/wp-json\/wp\/v2\/pages"}],"about":[{"href":"https:\/\/courroiescooter.com\/index.php\/wp-json\/wp\/v2\/types\/page"}],"author":[{"embeddable":true,"href":"https:\/\/courroiescooter.com\/index.php\/wp-json\/wp\/v2\/users\/1"}],"replies":[{"embeddable":true,"href":"https:\/\/courroiescooter.com\/index.php\/wp-json\/wp\/v2\/comments?post=1282"}],"version-history":[{"count":13,"href":"https:\/\/courroiescooter.com\/index.php\/wp-json\/wp\/v2\/pages\/1282\/revisions"}],"predecessor-version":[{"id":1729,"href":"https:\/\/courroiescooter.com\/index.php\/wp-json\/wp\/v2\/pages\/1282\/revisions\/1729"}],"up":[{"embeddable":true,"href":"https:\/\/courroiescooter.com\/index.php\/wp-json\/wp\/v2\/pages\/113"}],"wp:featuredmedia":[{"embeddable":true,"href":"https:\/\/courroiescooter.com\/index.php\/wp-json\/wp\/v2\/media\/1223"}],"wp:attachment":[{"href":"https:\/\/courroiescooter.com\/index.php\/wp-json\/wp\/v2\/media?parent=1282"}],"wp:term":[{"taxonomy":"post_tag","embeddable":true,"href":"https:\/\/courroiescooter.com\/index.php\/wp-json\/wp\/v2\/tags?post=1282"}],"curies":[{"name":"wp","href":"https:\/\/api.w.org\/{rel}","templated":true}]}}