{"id":1274,"date":"2020-09-17T15:17:45","date_gmt":"2020-09-17T13:17:45","guid":{"rendered":"http:\/\/courroiescooter.com\/?page_id=1274"},"modified":"2020-11-17T14:19:41","modified_gmt":"2020-11-17T13:19:41","slug":"ksr-generic","status":"publish","type":"page","link":"https:\/\/courroiescooter.com\/index.php\/rechercher-par-marque\/ksr-generic\/","title":{"rendered":"KSR Generic"},"content":{"rendered":"\t\t<div data-elementor-type=\"wp-page\" data-elementor-id=\"1274\" class=\"elementor elementor-1274\" data-elementor-settings=\"[]\">\n\t\t\t\t\t\t<div class=\"elementor-inner\">\n\t\t\t\t\t\t\t<div class=\"elementor-section-wrap\">\n\t\t\t\t\t\t\t<section class=\"elementor-section elementor-top-section elementor-element elementor-element-b1ebdca elementor-section-boxed elementor-section-height-default elementor-section-height-default\" data-id=\"b1ebdca\" data-element_type=\"section\">\n\t\t\t\t\t\t<div class=\"elementor-container elementor-column-gap-default\">\n\t\t\t\t\t\t\t<div class=\"elementor-row\">\n\t\t\t\t\t<div class=\"elementor-column elementor-col-50 elementor-top-column elementor-element elementor-element-193c808\" data-id=\"193c808\" data-element_type=\"column\">\n\t\t\t<div class=\"elementor-column-wrap elementor-element-populated\">\n\t\t\t\t\t\t\t<div class=\"elementor-widget-wrap\">\n\t\t\t\t\t\t<div class=\"elementor-element elementor-element-670bb59 elementor-widget elementor-widget-heading\" data-id=\"670bb59\" data-element_type=\"widget\" data-widget_type=\"heading.default\">\n\t\t\t\t<div class=\"elementor-widget-container\">\n\t\t\t<h1 class=\"elementor-heading-title elementor-size-default\">Ksr Generic<\/h1>\t\t<\/div>\n\t\t\t\t<\/div>\n\t\t\t\t<div class=\"elementor-element elementor-element-43c3139 elementor-widget elementor-widget-text-editor\" data-id=\"43c3139\" data-element_type=\"widget\" data-widget_type=\"text-editor.default\">\n\t\t\t\t<div class=\"elementor-widget-container\">\n\t\t\t\t\t<div class=\"elementor-text-editor elementor-clearfix\">En 2004, la production de motos d\u00e9bute pour la soci\u00e9t\u00e9 autrichienne KSR avec la marque Generic. Aujourd&#8217;hui, KSR Generic fait partie des marques les plus performantes dans le domaine des 50 et 125 cm\u00b3. Les v\u00e9hicules de KSR MOTO ont beaucoup de succ\u00e8s gr\u00e2ce \u00e0 leur design unique. Leurs courroies pour scooter 50cc ont su s&#8217;imposer en Europe car elles sont connues pour \u00eatre fiables et \u00e0 des prix raisonnables. <\/div>\n\t\t\t\t<\/div>\n\t\t\t\t<\/div>\n\t\t\t\t\t\t<\/div>\n\t\t\t\t\t<\/div>\n\t\t<\/div>\n\t\t\t\t<div class=\"elementor-column elementor-col-50 elementor-top-column elementor-element elementor-element-09c626e\" data-id=\"09c626e\" data-element_type=\"column\">\n\t\t\t<div class=\"elementor-column-wrap elementor-element-populated\">\n\t\t\t\t\t\t\t<div class=\"elementor-widget-wrap\">\n\t\t\t\t\t\t<div class=\"elementor-element elementor-element-52ca93f elementor--h-position-center elementor--v-position-middle elementor-arrows-position-inside elementor-pagination-position-inside elementor-widget elementor-widget-slides\" data-id=\"52ca93f\" data-element_type=\"widget\" data-settings=\"{&quot;navigation&quot;:&quot;both&quot;,&quot;autoplay&quot;:&quot;yes&quot;,&quot;pause_on_hover&quot;:&quot;yes&quot;,&quot;pause_on_interaction&quot;:&quot;yes&quot;,&quot;autoplay_speed&quot;:5000,&quot;infinite&quot;:&quot;yes&quot;,&quot;transition&quot;:&quot;slide&quot;,&quot;transition_speed&quot;:500}\" data-widget_type=\"slides.default\">\n\t\t\t\t<div class=\"elementor-widget-container\">\n\t\t\t\t\t<div class=\"elementor-swiper\">\n\t\t\t<div class=\"elementor-slides-wrapper elementor-main-swiper swiper-container\" dir=\"ltr\" data-animation=\"fadeInRight\">\n\t\t\t\t<div class=\"swiper-wrapper elementor-slides\">\n\t\t\t\t\t<div class=\"elementor-repeater-item-c06aaaf swiper-slide\"><div class=\"swiper-slide-bg\"><\/div><div class=\"swiper-slide-inner\" ><div class=\"swiper-slide-contents\"><\/div><\/div><\/div>\t\t\t\t<\/div>\n\t\t\t\t\t\t\t<\/div>\n\t\t<\/div>\n\t\t\t\t<\/div>\n\t\t\t\t<\/div>\n\t\t\t\t\t\t<\/div>\n\t\t\t\t\t<\/div>\n\t\t<\/div>\n\t\t\t\t\t\t\t\t<\/div>\n\t\t\t\t\t<\/div>\n\t\t<\/section>\n\t\t\t\t<section class=\"elementor-section elementor-top-section elementor-element elementor-element-e6a6429 elementor-section-boxed elementor-section-height-default elementor-section-height-default\" data-id=\"e6a6429\" data-element_type=\"section\">\n\t\t\t\t\t\t<div class=\"elementor-container elementor-column-gap-default\">\n\t\t\t\t\t\t\t<div class=\"elementor-row\">\n\t\t\t\t\t<div class=\"elementor-column elementor-col-100 elementor-top-column elementor-element elementor-element-fa1347c\" data-id=\"fa1347c\" data-element_type=\"column\">\n\t\t\t<div class=\"elementor-column-wrap elementor-element-populated\">\n\t\t\t\t\t\t\t<div class=\"elementor-widget-wrap\">\n\t\t\t\t\t\t<div class=\"elementor-element elementor-element-acc4bf6 elementor-grid-4 elementor-grid-tablet-2 elementor-grid-mobile-1 elementor-widget elementor-widget-portfolio\" data-id=\"acc4bf6\" data-element_type=\"widget\" data-settings=\"{&quot;columns&quot;:&quot;4&quot;,&quot;row_gap&quot;:{&quot;unit&quot;:&quot;px&quot;,&quot;size&quot;:7,&quot;sizes&quot;:[]},&quot;item_ratio&quot;:{&quot;unit&quot;:&quot;px&quot;,&quot;size&quot;:1,&quot;sizes&quot;:[]},&quot;columns_tablet&quot;:&quot;2&quot;,&quot;columns_mobile&quot;:&quot;1&quot;,&quot;item_gap&quot;:{&quot;unit&quot;:&quot;px&quot;,&quot;size&quot;:&quot;&quot;,&quot;sizes&quot;:[]}}\" data-widget_type=\"portfolio.default\">\n\t\t\t\t<div class=\"elementor-widget-container\">\n\t\t\t\t\t<div class=\"elementor-portfolio elementor-grid elementor-posts-container\">\n\t\t\t\t<article class=\"elementor-portfolio-item elementor-post elementor-filter-94 post-905 page type-page status-publish has-post-thumbnail hentry tag-ksr-generic\">\n\t\t\t<a class=\"elementor-post__thumbnail__link\" href=\"https:\/\/courroiescooter.com\/index.php\/courroie-generic-cracker-keeway-177x749mm-137qmb-50-4t\/\">\n\t\t\t\t<div class=\"elementor-portfolio-item__img elementor-post__thumbnail\">\n\t\t\t<img width=\"980\" height=\"980\" src=\"https:\/\/courroiescooter.com\/wp-content\/uploads\/2020\/09\/246230.jpg\" class=\"attachment-full size-full\" alt=\"Courroie de transmission trap\u00e9zo\u00efdale pour scooter\" loading=\"lazy\" srcset=\"https:\/\/courroiescooter.com\/wp-content\/uploads\/2020\/09\/246230.jpg 980w, https:\/\/courroiescooter.com\/wp-content\/uploads\/2020\/09\/246230-300x300.jpg 300w, https:\/\/courroiescooter.com\/wp-content\/uploads\/2020\/09\/246230-150x150.jpg 150w, https:\/\/courroiescooter.com\/wp-content\/uploads\/2020\/09\/246230-768x768.jpg 768w, https:\/\/courroiescooter.com\/wp-content\/uploads\/2020\/09\/246230-500x500.jpg 500w\" sizes=\"(max-width: 980px) 100vw, 980px\" \/>\t\t<\/div>\n\t\t\t\t<div class=\"elementor-portfolio-item__overlay\">\n\t\t\t\t<h3 class=\"elementor-portfolio-item__title\">\n\t\tCOURROIE GENERIC CRACKER, KEEWAY&#8230; 17,7X749MM 137QMB 50 4T\t\t<\/h3>\n\t\t\t\t<\/div>\n\t\t\t\t<\/a>\n\t\t<\/article>\n\t\t\t\t<\/div>\n\t\t\t\t<\/div>\n\t\t\t\t<\/div>\n\t\t\t\t\t\t<\/div>\n\t\t\t\t\t<\/div>\n\t\t<\/div>\n\t\t\t\t\t\t\t\t<\/div>\n\t\t\t\t\t<\/div>\n\t\t<\/section>\n\t\t\t\t<section class=\"elementor-section elementor-top-section elementor-element elementor-element-f6f1645 elementor-section-boxed elementor-section-height-default elementor-section-height-default\" data-id=\"f6f1645\" data-element_type=\"section\">\n\t\t\t\t\t\t<div class=\"elementor-container elementor-column-gap-default\">\n\t\t\t\t\t\t\t<div class=\"elementor-row\">\n\t\t\t\t\t<div class=\"elementor-column elementor-col-100 elementor-top-column elementor-element elementor-element-6075993\" data-id=\"6075993\" data-element_type=\"column\">\n\t\t\t<div class=\"elementor-column-wrap elementor-element-populated\">\n\t\t\t\t\t\t\t<div class=\"elementor-widget-wrap\">\n\t\t\t\t\t\t<div class=\"elementor-element elementor-element-676ae1e elementor-widget elementor-widget-text-editor\" data-id=\"676ae1e\" data-element_type=\"widget\" data-widget_type=\"text-editor.default\">\n\t\t\t\t<div class=\"elementor-widget-container\">\n\t\t\t\t\t<div class=\"elementor-text-editor elementor-clearfix\"><p>Les courroies de transmission KSR Generic sont des courroies de tr\u00e8s bonne qualit\u00e9. Les courroies de cette marque conviennent parfaitement si vous souhaitez rouler sur route avec votre scooter. Bien qu&#8217;elle ne soit pas facilement accessible, la courroie de transmission est une pi\u00e8ce dont il faut r\u00e9guli\u00e8rement v\u00e9rifier l&#8217;\u00e9tat. C&#8217;est bien connu, une courroie finit toujours par s&#8217;user. De plus, son d\u00e9chirement provoque un arr\u00eat soudain du moteur qui m\u00e8ne bien souvent \u00e0 une chute.&nbsp;<span style=\"text-align: justify;\">Pour garantir votre s\u00e9curit\u00e9 et le bon fonctionnement de votre scooter 50cc, nous vous conseillons de v\u00e9rifier r\u00e9guli\u00e8rement l&#8217;\u00e9tat de votre courroie et de la changer si cette derni\u00e8re pr\u00e9sente des signes d&#8217;usure.<\/span><\/p><\/div>\n\t\t\t\t<\/div>\n\t\t\t\t<\/div>\n\t\t\t\t\t\t<\/div>\n\t\t\t\t\t<\/div>\n\t\t<\/div>\n\t\t\t\t\t\t\t\t<\/div>\n\t\t\t\t\t<\/div>\n\t\t<\/section>\n\t\t\t\t\t\t<\/div>\n\t\t\t\t\t\t<\/div>\n\t\t\t\t\t<\/div>\n\t\t","protected":false},"excerpt":{"rendered":"<p>Ksr Generic En 2004, la production de motos d\u00e9bute pour la soci\u00e9t\u00e9 autrichienne KSR avec la marque Generic. Aujourd&#8217;hui, KSR Generic fait partie des marques les plus performantes dans le domaine des 50 et 125 cm\u00b3. Les v\u00e9hicules de KSR MOTO ont beaucoup de succ\u00e8s gr\u00e2ce \u00e0 leur design unique. Leurs courroies pour scooter 50cc&hellip;&nbsp;<a href=\"https:\/\/courroiescooter.com\/index.php\/courroie-generic-cracker-keeway-177x749mm-137qmb-50-4t\/\" class=\"\" rel=\"bookmark\">Read More &raquo;<span class=\"screen-reader-text\">COURROIE GENERIC CRACKER, KEEWAY&#8230; 17,7X749MM 137QMB 50 4T<\/span><\/a><\/p>\n","protected":false},"author":1,"featured_media":1230,"parent":113,"menu_order":0,"comment_status":"closed","ping_status":"closed","template":"page-templates\/template-pagebuilder-full-width.php","meta":{"neve_meta_sidebar":"full-width","neve_meta_container":"","neve_meta_enable_content_width":"on","neve_meta_content_width":100,"neve_meta_title_alignment":"","neve_meta_author_avatar":"","neve_post_elements_order":"","neve_meta_disable_header":"","neve_meta_disable_footer":"","neve_meta_disable_title":""},"tags":[],"yoast_head":"<!-- This site is optimized with the Yoast SEO plugin v15.2 - https:\/\/yoast.com\/wordpress\/plugins\/seo\/ -->\n<title>Courroies de Transmission pour Scooter - KSR Generic<\/title>\n<meta name=\"robots\" content=\"index, follow, max-snippet:-1, max-image-preview:large, max-video-preview:-1\" \/>\n<link rel=\"canonical\" href=\"https:\/\/courroiescooter.com\/index.php\/rechercher-par-marque\/ksr-generic\/\" \/>\n<meta property=\"og:locale\" content=\"en_US\" \/>\n<meta property=\"og:type\" content=\"article\" \/>\n<meta property=\"og:title\" content=\"Courroies de Transmission pour Scooter - KSR Generic\" \/>\n<meta property=\"og:description\" content=\"Ksr Generic En 2004, la production de motos d\u00e9bute pour la soci\u00e9t\u00e9 autrichienne KSR avec la marque Generic. Aujourd&#8217;hui, KSR Generic fait partie des marques les plus performantes dans le domaine des 50 et 125 cm\u00b3. Les v\u00e9hicules de KSR MOTO ont beaucoup de succ\u00e8s gr\u00e2ce \u00e0 leur design unique. Leurs courroies pour scooter 50cc&hellip;&nbsp;Read More &raquo;COURROIE GENERIC CRACKER, KEEWAY&#8230; 17,7X749MM 137QMB 50 4T\" \/>\n<meta property=\"og:url\" content=\"https:\/\/courroiescooter.com\/index.php\/rechercher-par-marque\/ksr-generic\/\" \/>\n<meta property=\"og:site_name\" content=\"Courroiescooter.com\" \/>\n<meta property=\"article:modified_time\" content=\"2020-11-17T13:19:41+00:00\" \/>\n<meta property=\"og:image\" content=\"https:\/\/courroiescooter.com\/wp-content\/uploads\/2020\/09\/logo-ksr-generic.jpg\" \/>\n\t<meta property=\"og:image:width\" content=\"450\" \/>\n\t<meta property=\"og:image:height\" content=\"142\" \/>\n<meta name=\"twitter:card\" content=\"summary_large_image\" \/>\n<meta name=\"twitter:label1\" value=\"Written by\">\n\t<meta name=\"twitter:data1\" value=\"admin2296\">\n\t<meta name=\"twitter:label2\" value=\"Est. reading time\">\n\t<meta name=\"twitter:data2\" value=\"1 minute\">\n<script type=\"application\/ld+json\" class=\"yoast-schema-graph\">{\"@context\":\"https:\/\/schema.org\",\"@graph\":[{\"@type\":\"WebSite\",\"@id\":\"https:\/\/courroiescooter.com\/#website\",\"url\":\"https:\/\/courroiescooter.com\/\",\"name\":\"Courroiescooter.com\",\"description\":\"\",\"potentialAction\":[{\"@type\":\"SearchAction\",\"target\":\"https:\/\/courroiescooter.com\/?s={search_term_string}\",\"query-input\":\"required name=search_term_string\"}],\"inLanguage\":\"en-US\"},{\"@type\":\"ImageObject\",\"@id\":\"https:\/\/courroiescooter.com\/index.php\/rechercher-par-marque\/ksr-generic\/#primaryimage\",\"inLanguage\":\"en-US\",\"url\":\"https:\/\/courroiescooter.com\/wp-content\/uploads\/2020\/09\/logo-ksr-generic.jpg\",\"width\":450,\"height\":142},{\"@type\":\"WebPage\",\"@id\":\"https:\/\/courroiescooter.com\/index.php\/rechercher-par-marque\/ksr-generic\/#webpage\",\"url\":\"https:\/\/courroiescooter.com\/index.php\/rechercher-par-marque\/ksr-generic\/\",\"name\":\"Courroies de Transmission pour Scooter - KSR Generic\",\"isPartOf\":{\"@id\":\"https:\/\/courroiescooter.com\/#website\"},\"primaryImageOfPage\":{\"@id\":\"https:\/\/courroiescooter.com\/index.php\/rechercher-par-marque\/ksr-generic\/#primaryimage\"},\"datePublished\":\"2020-09-17T13:17:45+00:00\",\"dateModified\":\"2020-11-17T13:19:41+00:00\",\"inLanguage\":\"en-US\",\"potentialAction\":[{\"@type\":\"ReadAction\",\"target\":[\"https:\/\/courroiescooter.com\/index.php\/rechercher-par-marque\/ksr-generic\/\"]}]}]}<\/script>\n<!-- \/ Yoast SEO plugin. -->","_links":{"self":[{"href":"https:\/\/courroiescooter.com\/index.php\/wp-json\/wp\/v2\/pages\/1274"}],"collection":[{"href":"https:\/\/courroiescooter.com\/index.php\/wp-json\/wp\/v2\/pages"}],"about":[{"href":"https:\/\/courroiescooter.com\/index.php\/wp-json\/wp\/v2\/types\/page"}],"author":[{"embeddable":true,"href":"https:\/\/courroiescooter.com\/index.php\/wp-json\/wp\/v2\/users\/1"}],"replies":[{"embeddable":true,"href":"https:\/\/courroiescooter.com\/index.php\/wp-json\/wp\/v2\/comments?post=1274"}],"version-history":[{"count":13,"href":"https:\/\/courroiescooter.com\/index.php\/wp-json\/wp\/v2\/pages\/1274\/revisions"}],"predecessor-version":[{"id":1838,"href":"https:\/\/courroiescooter.com\/index.php\/wp-json\/wp\/v2\/pages\/1274\/revisions\/1838"}],"up":[{"embeddable":true,"href":"https:\/\/courroiescooter.com\/index.php\/wp-json\/wp\/v2\/pages\/113"}],"wp:featuredmedia":[{"embeddable":true,"href":"https:\/\/courroiescooter.com\/index.php\/wp-json\/wp\/v2\/media\/1230"}],"wp:attachment":[{"href":"https:\/\/courroiescooter.com\/index.php\/wp-json\/wp\/v2\/media?parent=1274"}],"wp:term":[{"taxonomy":"post_tag","embeddable":true,"href":"https:\/\/courroiescooter.com\/index.php\/wp-json\/wp\/v2\/tags?post=1274"}],"curies":[{"name":"wp","href":"https:\/\/api.w.org\/{rel}","templated":true}]}}