{"id":1273,"date":"2020-09-17T15:17:37","date_gmt":"2020-09-17T13:17:37","guid":{"rendered":"http:\/\/courroiescooter.com\/?page_id=1273"},"modified":"2020-11-17T14:25:50","modified_gmt":"2020-11-17T13:25:50","slug":"peugeot","status":"publish","type":"page","link":"https:\/\/courroiescooter.com\/index.php\/rechercher-par-marque\/peugeot\/","title":{"rendered":"Peugeot"},"content":{"rendered":"\t\t<div data-elementor-type=\"wp-page\" data-elementor-id=\"1273\" class=\"elementor elementor-1273\" data-elementor-settings=\"[]\">\n\t\t\t\t\t\t<div class=\"elementor-inner\">\n\t\t\t\t\t\t\t<div class=\"elementor-section-wrap\">\n\t\t\t\t\t\t\t<section class=\"elementor-section elementor-top-section elementor-element elementor-element-b1ebdca elementor-section-boxed elementor-section-height-default elementor-section-height-default\" data-id=\"b1ebdca\" data-element_type=\"section\">\n\t\t\t\t\t\t<div class=\"elementor-container elementor-column-gap-default\">\n\t\t\t\t\t\t\t<div class=\"elementor-row\">\n\t\t\t\t\t<div class=\"elementor-column elementor-col-50 elementor-top-column elementor-element elementor-element-193c808\" data-id=\"193c808\" data-element_type=\"column\">\n\t\t\t<div class=\"elementor-column-wrap elementor-element-populated\">\n\t\t\t\t\t\t\t<div class=\"elementor-widget-wrap\">\n\t\t\t\t\t\t<div class=\"elementor-element elementor-element-670bb59 elementor-widget elementor-widget-heading\" data-id=\"670bb59\" data-element_type=\"widget\" data-widget_type=\"heading.default\">\n\t\t\t\t<div class=\"elementor-widget-container\">\n\t\t\t<h1 class=\"elementor-heading-title elementor-size-default\">Peugeot<\/h1>\t\t<\/div>\n\t\t\t\t<\/div>\n\t\t\t\t<div class=\"elementor-element elementor-element-43c3139 elementor-widget elementor-widget-text-editor\" data-id=\"43c3139\" data-element_type=\"widget\" data-widget_type=\"text-editor.default\">\n\t\t\t\t<div class=\"elementor-widget-container\">\n\t\t\t\t\t<div class=\"elementor-text-editor elementor-clearfix\">Peugeot Motocycle f\u00fbt cr\u00e9\u00e9e en France par Armand Peugeot en 1898. Cette marque s&#8217;est impos\u00e9e en France gr\u00e2ce \u00e0 ses deux mod\u00e8les embl\u00e9matiques, la 102 et la 103. Depuis, les scooters sont rapidement devenus les produits phares de Peugeot. Les\u00a0courroies Peugeot pour scooter 50cc\u00a0sont sp\u00e9cifiquement con\u00e7us pour am\u00e9liorer les performances de votre deux-roues. Optez pour une courroie Peugeot, une pi\u00e8ce fiable et parfaitement adaptable! <\/div>\n\t\t\t\t<\/div>\n\t\t\t\t<\/div>\n\t\t\t\t\t\t<\/div>\n\t\t\t\t\t<\/div>\n\t\t<\/div>\n\t\t\t\t<div class=\"elementor-column elementor-col-50 elementor-top-column elementor-element elementor-element-09c626e\" data-id=\"09c626e\" data-element_type=\"column\">\n\t\t\t<div class=\"elementor-column-wrap elementor-element-populated\">\n\t\t\t\t\t\t\t<div class=\"elementor-widget-wrap\">\n\t\t\t\t\t\t<div class=\"elementor-element elementor-element-52ca93f elementor--h-position-center elementor--v-position-middle elementor-arrows-position-inside elementor-pagination-position-inside elementor-widget elementor-widget-slides\" data-id=\"52ca93f\" data-element_type=\"widget\" data-settings=\"{&quot;navigation&quot;:&quot;both&quot;,&quot;autoplay&quot;:&quot;yes&quot;,&quot;pause_on_hover&quot;:&quot;yes&quot;,&quot;pause_on_interaction&quot;:&quot;yes&quot;,&quot;autoplay_speed&quot;:5000,&quot;infinite&quot;:&quot;yes&quot;,&quot;transition&quot;:&quot;slide&quot;,&quot;transition_speed&quot;:500}\" data-widget_type=\"slides.default\">\n\t\t\t\t<div class=\"elementor-widget-container\">\n\t\t\t\t\t<div class=\"elementor-swiper\">\n\t\t\t<div class=\"elementor-slides-wrapper elementor-main-swiper swiper-container\" dir=\"ltr\" data-animation=\"fadeInRight\">\n\t\t\t\t<div class=\"swiper-wrapper elementor-slides\">\n\t\t\t\t\t<div class=\"elementor-repeater-item-c06aaaf swiper-slide\"><div class=\"swiper-slide-bg\"><\/div><div class=\"swiper-slide-inner\" ><div class=\"swiper-slide-contents\"><\/div><\/div><\/div>\t\t\t\t<\/div>\n\t\t\t\t\t\t\t<\/div>\n\t\t<\/div>\n\t\t\t\t<\/div>\n\t\t\t\t<\/div>\n\t\t\t\t\t\t<\/div>\n\t\t\t\t\t<\/div>\n\t\t<\/div>\n\t\t\t\t\t\t\t\t<\/div>\n\t\t\t\t\t<\/div>\n\t\t<\/section>\n\t\t\t\t<section class=\"elementor-section elementor-top-section elementor-element elementor-element-ffbf51b elementor-section-boxed elementor-section-height-default elementor-section-height-default\" data-id=\"ffbf51b\" data-element_type=\"section\">\n\t\t\t\t\t\t<div class=\"elementor-container elementor-column-gap-default\">\n\t\t\t\t\t\t\t<div class=\"elementor-row\">\n\t\t\t\t\t<div class=\"elementor-column elementor-col-100 elementor-top-column elementor-element elementor-element-7ef59b8\" data-id=\"7ef59b8\" data-element_type=\"column\">\n\t\t\t<div class=\"elementor-column-wrap elementor-element-populated\">\n\t\t\t\t\t\t\t<div class=\"elementor-widget-wrap\">\n\t\t\t\t\t\t<div class=\"elementor-element elementor-element-7949bff elementor-grid-4 elementor-grid-tablet-2 elementor-grid-mobile-1 elementor-widget elementor-widget-portfolio\" data-id=\"7949bff\" data-element_type=\"widget\" data-settings=\"{&quot;columns&quot;:&quot;4&quot;,&quot;row_gap&quot;:{&quot;unit&quot;:&quot;px&quot;,&quot;size&quot;:7,&quot;sizes&quot;:[]},&quot;item_ratio&quot;:{&quot;unit&quot;:&quot;px&quot;,&quot;size&quot;:1,&quot;sizes&quot;:[]},&quot;columns_tablet&quot;:&quot;2&quot;,&quot;columns_mobile&quot;:&quot;1&quot;,&quot;item_gap&quot;:{&quot;unit&quot;:&quot;px&quot;,&quot;size&quot;:&quot;&quot;,&quot;sizes&quot;:[]}}\" data-widget_type=\"portfolio.default\">\n\t\t\t\t<div class=\"elementor-widget-container\">\n\t\t\t\t\t<div class=\"elementor-portfolio elementor-grid elementor-posts-container\">\n\t\t\t\t<article class=\"elementor-portfolio-item elementor-post elementor-filter-92 elementor-filter-89 post-797 page type-page status-publish has-post-thumbnail hentry tag-bando tag-peugeot\">\n\t\t\t<a class=\"elementor-post__thumbnail__link\" href=\"https:\/\/courroiescooter.com\/index.php\/courroie-peugeot-kisbee-ludix-tkr-50-2t-18x766mm\/\">\n\t\t\t\t<div class=\"elementor-portfolio-item__img elementor-post__thumbnail\">\n\t\t\t<img width=\"980\" height=\"980\" src=\"https:\/\/courroiescooter.com\/wp-content\/uploads\/2020\/09\/371934.jpg\" class=\"attachment-full size-full\" alt=\"Courroie de transmission trap\u00e9zo\u00efdale pour scooter\" loading=\"lazy\" srcset=\"https:\/\/courroiescooter.com\/wp-content\/uploads\/2020\/09\/371934.jpg 980w, https:\/\/courroiescooter.com\/wp-content\/uploads\/2020\/09\/371934-300x300.jpg 300w, https:\/\/courroiescooter.com\/wp-content\/uploads\/2020\/09\/371934-150x150.jpg 150w, https:\/\/courroiescooter.com\/wp-content\/uploads\/2020\/09\/371934-768x768.jpg 768w, https:\/\/courroiescooter.com\/wp-content\/uploads\/2020\/09\/371934-500x500.jpg 500w\" sizes=\"(max-width: 980px) 100vw, 980px\" \/>\t\t<\/div>\n\t\t\t\t<div class=\"elementor-portfolio-item__overlay\">\n\t\t\t\t<h3 class=\"elementor-portfolio-item__title\">\n\t\tCOURROIE PEUGEOT KISBEE, LUDIX, TKR&#8230; 50 2T 18X766MM\t\t<\/h3>\n\t\t\t\t<\/div>\n\t\t\t\t<\/a>\n\t\t<\/article>\n\t\t\t\t<\/div>\n\t\t\t\t<\/div>\n\t\t\t\t<\/div>\n\t\t\t\t\t\t<\/div>\n\t\t\t\t\t<\/div>\n\t\t<\/div>\n\t\t\t\t\t\t\t\t<\/div>\n\t\t\t\t\t<\/div>\n\t\t<\/section>\n\t\t\t\t<section class=\"elementor-section elementor-top-section elementor-element elementor-element-04c0e6a elementor-section-boxed elementor-section-height-default elementor-section-height-default\" data-id=\"04c0e6a\" data-element_type=\"section\">\n\t\t\t\t\t\t<div class=\"elementor-container elementor-column-gap-default\">\n\t\t\t\t\t\t\t<div class=\"elementor-row\">\n\t\t\t\t\t<div class=\"elementor-column elementor-col-100 elementor-top-column elementor-element elementor-element-26bbe6d\" data-id=\"26bbe6d\" data-element_type=\"column\">\n\t\t\t<div class=\"elementor-column-wrap elementor-element-populated\">\n\t\t\t\t\t\t\t<div class=\"elementor-widget-wrap\">\n\t\t\t\t\t\t<div class=\"elementor-element elementor-element-53cfd8e elementor-widget elementor-widget-text-editor\" data-id=\"53cfd8e\" data-element_type=\"widget\" data-widget_type=\"text-editor.default\">\n\t\t\t\t<div class=\"elementor-widget-container\">\n\t\t\t\t\t<div class=\"elementor-text-editor elementor-clearfix\"><p>La c\u00e9l\u00e8bre marque au lion est une r\u00e9f\u00e9rence dans le domaine de la courroie de transmission pour scooter 50cc. Sur Courroiescooter.com nous r\u00e9f\u00e9ren\u00e7ons pour vous les meilleures courroies trap\u00e9zo\u00efdales Peugeot pour votre scooter. Nos courroies de transmission Peugeot sont neuves, d&#8217;origine et adapt\u00e9es pour scooter 50cc 2 temps Peugeot Kisbee, Ludix, TKR, Jet Force, Vivacity, Speedfight\u2026 Petit rappel : une courroie de transmission ne se r\u00e9pare pas et ne se restaure pas. Nous vous conseillons de v\u00e9rifier r\u00e9guli\u00e8rement l&#8217;\u00e9tat de votre courroie de transmission et de la changer si besoin est.\u00a0<\/p><\/div>\n\t\t\t\t<\/div>\n\t\t\t\t<\/div>\n\t\t\t\t\t\t<\/div>\n\t\t\t\t\t<\/div>\n\t\t<\/div>\n\t\t\t\t\t\t\t\t<\/div>\n\t\t\t\t\t<\/div>\n\t\t<\/section>\n\t\t\t\t\t\t<\/div>\n\t\t\t\t\t\t<\/div>\n\t\t\t\t\t<\/div>\n\t\t","protected":false},"excerpt":{"rendered":"<p>Peugeot Peugeot Motocycle f\u00fbt cr\u00e9\u00e9e en France par Armand Peugeot en 1898. Cette marque s&#8217;est impos\u00e9e en France gr\u00e2ce \u00e0 ses deux mod\u00e8les embl\u00e9matiques, la 102 et la 103. Depuis, les scooters sont rapidement devenus les produits phares de Peugeot. Les&nbsp;courroies Peugeot pour scooter 50cc&nbsp;sont sp\u00e9cifiquement con\u00e7us pour am\u00e9liorer les performances de votre deux-roues. Optez&hellip;&nbsp;<a href=\"https:\/\/courroiescooter.com\/index.php\/courroie-peugeot-kisbee-ludix-tkr-50-2t-18x766mm\/\" class=\"\" rel=\"bookmark\">Read More &raquo;<span class=\"screen-reader-text\">COURROIE PEUGEOT KISBEE, LUDIX, TKR&#8230; 50 2T 18X766MM<\/span><\/a><\/p>\n","protected":false},"author":1,"featured_media":1227,"parent":113,"menu_order":0,"comment_status":"closed","ping_status":"closed","template":"page-templates\/template-pagebuilder-full-width.php","meta":{"neve_meta_sidebar":"full-width","neve_meta_container":"","neve_meta_enable_content_width":"on","neve_meta_content_width":100,"neve_meta_title_alignment":"","neve_meta_author_avatar":"","neve_post_elements_order":"","neve_meta_disable_header":"","neve_meta_disable_footer":"","neve_meta_disable_title":""},"tags":[],"yoast_head":"<!-- This site is optimized with the Yoast SEO plugin v15.2 - https:\/\/yoast.com\/wordpress\/plugins\/seo\/ -->\n<title>Courroies de Transmission pour Scooter - Peugeot<\/title>\n<meta name=\"robots\" content=\"index, follow, max-snippet:-1, max-image-preview:large, max-video-preview:-1\" \/>\n<link rel=\"canonical\" href=\"https:\/\/courroiescooter.com\/index.php\/rechercher-par-marque\/peugeot\/\" \/>\n<meta property=\"og:locale\" content=\"en_US\" \/>\n<meta property=\"og:type\" content=\"article\" \/>\n<meta property=\"og:title\" content=\"Courroies de Transmission pour Scooter - Peugeot\" \/>\n<meta property=\"og:description\" content=\"Peugeot Peugeot Motocycle f\u00fbt cr\u00e9\u00e9e en France par Armand Peugeot en 1898. Cette marque s&#8217;est impos\u00e9e en France gr\u00e2ce \u00e0 ses deux mod\u00e8les embl\u00e9matiques, la 102 et la 103. Depuis, les scooters sont rapidement devenus les produits phares de Peugeot. Les&nbsp;courroies Peugeot pour scooter 50cc&nbsp;sont sp\u00e9cifiquement con\u00e7us pour am\u00e9liorer les performances de votre deux-roues. Optez&hellip;&nbsp;Read More &raquo;COURROIE PEUGEOT KISBEE, LUDIX, TKR&#8230; 50 2T 18X766MM\" \/>\n<meta property=\"og:url\" content=\"https:\/\/courroiescooter.com\/index.php\/rechercher-par-marque\/peugeot\/\" \/>\n<meta property=\"og:site_name\" content=\"Courroiescooter.com\" \/>\n<meta property=\"article:modified_time\" content=\"2020-11-17T13:25:50+00:00\" \/>\n<meta property=\"og:image\" content=\"https:\/\/courroiescooter.com\/wp-content\/uploads\/2020\/09\/logo-peugeot.png\" \/>\n\t<meta property=\"og:image:width\" content=\"450\" \/>\n\t<meta property=\"og:image:height\" content=\"142\" \/>\n<meta name=\"twitter:card\" content=\"summary_large_image\" \/>\n<meta name=\"twitter:label1\" value=\"Written by\">\n\t<meta name=\"twitter:data1\" value=\"admin2296\">\n\t<meta name=\"twitter:label2\" value=\"Est. reading time\">\n\t<meta name=\"twitter:data2\" value=\"1 minute\">\n<script type=\"application\/ld+json\" class=\"yoast-schema-graph\">{\"@context\":\"https:\/\/schema.org\",\"@graph\":[{\"@type\":\"WebSite\",\"@id\":\"https:\/\/courroiescooter.com\/#website\",\"url\":\"https:\/\/courroiescooter.com\/\",\"name\":\"Courroiescooter.com\",\"description\":\"\",\"potentialAction\":[{\"@type\":\"SearchAction\",\"target\":\"https:\/\/courroiescooter.com\/?s={search_term_string}\",\"query-input\":\"required name=search_term_string\"}],\"inLanguage\":\"en-US\"},{\"@type\":\"ImageObject\",\"@id\":\"https:\/\/courroiescooter.com\/index.php\/rechercher-par-marque\/peugeot\/#primaryimage\",\"inLanguage\":\"en-US\",\"url\":\"https:\/\/courroiescooter.com\/wp-content\/uploads\/2020\/09\/logo-peugeot.png\",\"width\":450,\"height\":142},{\"@type\":\"WebPage\",\"@id\":\"https:\/\/courroiescooter.com\/index.php\/rechercher-par-marque\/peugeot\/#webpage\",\"url\":\"https:\/\/courroiescooter.com\/index.php\/rechercher-par-marque\/peugeot\/\",\"name\":\"Courroies de Transmission pour Scooter - Peugeot\",\"isPartOf\":{\"@id\":\"https:\/\/courroiescooter.com\/#website\"},\"primaryImageOfPage\":{\"@id\":\"https:\/\/courroiescooter.com\/index.php\/rechercher-par-marque\/peugeot\/#primaryimage\"},\"datePublished\":\"2020-09-17T13:17:37+00:00\",\"dateModified\":\"2020-11-17T13:25:50+00:00\",\"inLanguage\":\"en-US\",\"potentialAction\":[{\"@type\":\"ReadAction\",\"target\":[\"https:\/\/courroiescooter.com\/index.php\/rechercher-par-marque\/peugeot\/\"]}]}]}<\/script>\n<!-- \/ Yoast SEO plugin. -->","_links":{"self":[{"href":"https:\/\/courroiescooter.com\/index.php\/wp-json\/wp\/v2\/pages\/1273"}],"collection":[{"href":"https:\/\/courroiescooter.com\/index.php\/wp-json\/wp\/v2\/pages"}],"about":[{"href":"https:\/\/courroiescooter.com\/index.php\/wp-json\/wp\/v2\/types\/page"}],"author":[{"embeddable":true,"href":"https:\/\/courroiescooter.com\/index.php\/wp-json\/wp\/v2\/users\/1"}],"replies":[{"embeddable":true,"href":"https:\/\/courroiescooter.com\/index.php\/wp-json\/wp\/v2\/comments?post=1273"}],"version-history":[{"count":17,"href":"https:\/\/courroiescooter.com\/index.php\/wp-json\/wp\/v2\/pages\/1273\/revisions"}],"predecessor-version":[{"id":1841,"href":"https:\/\/courroiescooter.com\/index.php\/wp-json\/wp\/v2\/pages\/1273\/revisions\/1841"}],"up":[{"embeddable":true,"href":"https:\/\/courroiescooter.com\/index.php\/wp-json\/wp\/v2\/pages\/113"}],"wp:featuredmedia":[{"embeddable":true,"href":"https:\/\/courroiescooter.com\/index.php\/wp-json\/wp\/v2\/media\/1227"}],"wp:attachment":[{"href":"https:\/\/courroiescooter.com\/index.php\/wp-json\/wp\/v2\/media?parent=1273"}],"wp:term":[{"taxonomy":"post_tag","embeddable":true,"href":"https:\/\/courroiescooter.com\/index.php\/wp-json\/wp\/v2\/tags?post=1273"}],"curies":[{"name":"wp","href":"https:\/\/api.w.org\/{rel}","templated":true}]}}