{"id":1272,"date":"2020-09-17T15:17:30","date_gmt":"2020-09-17T13:17:30","guid":{"rendered":"http:\/\/courroiescooter.com\/?page_id=1272"},"modified":"2020-11-19T08:53:49","modified_gmt":"2020-11-19T07:53:49","slug":"malossi","status":"publish","type":"page","link":"https:\/\/courroiescooter.com\/index.php\/rechercher-par-marque\/malossi\/","title":{"rendered":"Malossi"},"content":{"rendered":"\t\t<div data-elementor-type=\"wp-page\" data-elementor-id=\"1272\" class=\"elementor elementor-1272\" data-elementor-settings=\"[]\">\n\t\t\t\t\t\t<div class=\"elementor-inner\">\n\t\t\t\t\t\t\t<div class=\"elementor-section-wrap\">\n\t\t\t\t\t\t\t<section class=\"elementor-section elementor-top-section elementor-element elementor-element-b1ebdca elementor-section-boxed elementor-section-height-default elementor-section-height-default\" data-id=\"b1ebdca\" data-element_type=\"section\">\n\t\t\t\t\t\t<div class=\"elementor-container elementor-column-gap-default\">\n\t\t\t\t\t\t\t<div class=\"elementor-row\">\n\t\t\t\t\t<div class=\"elementor-column elementor-col-50 elementor-top-column elementor-element elementor-element-193c808\" data-id=\"193c808\" data-element_type=\"column\">\n\t\t\t<div class=\"elementor-column-wrap elementor-element-populated\">\n\t\t\t\t\t\t\t<div class=\"elementor-widget-wrap\">\n\t\t\t\t\t\t<div class=\"elementor-element elementor-element-670bb59 elementor-widget elementor-widget-heading\" data-id=\"670bb59\" data-element_type=\"widget\" data-widget_type=\"heading.default\">\n\t\t\t\t<div class=\"elementor-widget-container\">\n\t\t\t<h1 class=\"elementor-heading-title elementor-size-default\">Malossi<\/h1>\t\t<\/div>\n\t\t\t\t<\/div>\n\t\t\t\t<div class=\"elementor-element elementor-element-43c3139 elementor-widget elementor-widget-text-editor\" data-id=\"43c3139\" data-element_type=\"widget\" data-widget_type=\"text-editor.default\">\n\t\t\t\t<div class=\"elementor-widget-container\">\n\t\t\t\t\t<div class=\"elementor-text-editor elementor-clearfix\"><p>Malossi SpA est un fabricant italien de pi\u00e8ces de r\u00e9glage pour cyclomoteurs et scooters. Cette marque f\u00fbt en 1930 par Armando Malossi. \u00c0 l&#8217;origine, Malossi \u00e9tait sp\u00e9cialis\u00e9e dans le r\u00e9glage des carburateurs Dell&#8217;orto pour motos. Cette activit\u00e9 se poursuit \u00e0 ce jour avec une une vaste gamme de carburateurs et de kits pour cyclomoteurs, scooters et motos. Malossi fabrique aussi d&#8217;autres pi\u00e8ces comme des cylindres et des variateurs d\u00e9stin\u00e9s \u00e0 la course et \u00e0 la route. La marque est aujourd&#8217;hui connue pour ses deux lignes de produits : le Malossi et le MHR (Malossi Hyper Racing), qui est exclusivement destin\u00e9 \u00e0 la course. Le principal concurrent de Malossi est Polini, une autre marque tr\u00e8s pr\u00e9sente en Italie.<\/p><\/div>\n\t\t\t\t<\/div>\n\t\t\t\t<\/div>\n\t\t\t\t\t\t<\/div>\n\t\t\t\t\t<\/div>\n\t\t<\/div>\n\t\t\t\t<div class=\"elementor-column elementor-col-50 elementor-top-column elementor-element elementor-element-09c626e\" data-id=\"09c626e\" data-element_type=\"column\">\n\t\t\t<div class=\"elementor-column-wrap elementor-element-populated\">\n\t\t\t\t\t\t\t<div class=\"elementor-widget-wrap\">\n\t\t\t\t\t\t<div class=\"elementor-element elementor-element-52ca93f elementor--h-position-center elementor--v-position-middle elementor-arrows-position-inside elementor-pagination-position-inside elementor-widget elementor-widget-slides\" data-id=\"52ca93f\" data-element_type=\"widget\" data-settings=\"{&quot;navigation&quot;:&quot;both&quot;,&quot;autoplay&quot;:&quot;yes&quot;,&quot;pause_on_hover&quot;:&quot;yes&quot;,&quot;pause_on_interaction&quot;:&quot;yes&quot;,&quot;autoplay_speed&quot;:5000,&quot;infinite&quot;:&quot;yes&quot;,&quot;transition&quot;:&quot;slide&quot;,&quot;transition_speed&quot;:500}\" data-widget_type=\"slides.default\">\n\t\t\t\t<div class=\"elementor-widget-container\">\n\t\t\t\t\t<div class=\"elementor-swiper\">\n\t\t\t<div class=\"elementor-slides-wrapper elementor-main-swiper swiper-container\" dir=\"ltr\" data-animation=\"fadeInRight\">\n\t\t\t\t<div class=\"swiper-wrapper elementor-slides\">\n\t\t\t\t\t<div class=\"elementor-repeater-item-c06aaaf swiper-slide\"><div class=\"swiper-slide-bg\"><\/div><div class=\"swiper-slide-inner\" ><div class=\"swiper-slide-contents\"><\/div><\/div><\/div>\t\t\t\t<\/div>\n\t\t\t\t\t\t\t<\/div>\n\t\t<\/div>\n\t\t\t\t<\/div>\n\t\t\t\t<\/div>\n\t\t\t\t\t\t<\/div>\n\t\t\t\t\t<\/div>\n\t\t<\/div>\n\t\t\t\t\t\t\t\t<\/div>\n\t\t\t\t\t<\/div>\n\t\t<\/section>\n\t\t\t\t<section class=\"elementor-section elementor-top-section elementor-element elementor-element-ab962f2 elementor-section-boxed elementor-section-height-default elementor-section-height-default\" data-id=\"ab962f2\" data-element_type=\"section\">\n\t\t\t\t\t\t<div class=\"elementor-container elementor-column-gap-default\">\n\t\t\t\t\t\t\t<div class=\"elementor-row\">\n\t\t\t\t\t<div class=\"elementor-column elementor-col-100 elementor-top-column elementor-element elementor-element-7134e1a\" data-id=\"7134e1a\" data-element_type=\"column\">\n\t\t\t<div class=\"elementor-column-wrap elementor-element-populated\">\n\t\t\t\t\t\t\t<div class=\"elementor-widget-wrap\">\n\t\t\t\t\t\t<div class=\"elementor-element elementor-element-a5d9c6f elementor-grid-4 elementor-grid-tablet-2 elementor-grid-mobile-1 elementor-widget elementor-widget-portfolio\" data-id=\"a5d9c6f\" data-element_type=\"widget\" data-settings=\"{&quot;columns&quot;:&quot;4&quot;,&quot;row_gap&quot;:{&quot;unit&quot;:&quot;px&quot;,&quot;size&quot;:7,&quot;sizes&quot;:[]},&quot;item_ratio&quot;:{&quot;unit&quot;:&quot;px&quot;,&quot;size&quot;:1,&quot;sizes&quot;:[]},&quot;columns_tablet&quot;:&quot;2&quot;,&quot;columns_mobile&quot;:&quot;1&quot;,&quot;item_gap&quot;:{&quot;unit&quot;:&quot;px&quot;,&quot;size&quot;:&quot;&quot;,&quot;sizes&quot;:[]}}\" data-widget_type=\"portfolio.default\">\n\t\t\t\t<div class=\"elementor-widget-container\">\n\t\t\t\t\t<div class=\"elementor-portfolio elementor-grid elementor-posts-container\">\n\t\t\t\t<article class=\"elementor-portfolio-item elementor-post elementor-filter-95 post-410 page type-page status-publish has-post-thumbnail hentry tag-malossi\">\n\t\t\t<a class=\"elementor-post__thumbnail__link\" href=\"https:\/\/courroiescooter.com\/index.php\/courroie-piaggio-typhoon-gilera-dna-18-5x838mm-malossi-x-special-belt\/\">\n\t\t\t\t<div class=\"elementor-portfolio-item__img elementor-post__thumbnail\">\n\t\t\t<img width=\"980\" height=\"980\" src=\"https:\/\/courroiescooter.com\/wp-content\/uploads\/2020\/09\/371831.jpg\" class=\"attachment-full size-full\" alt=\"\" loading=\"lazy\" srcset=\"https:\/\/courroiescooter.com\/wp-content\/uploads\/2020\/09\/371831.jpg 980w, https:\/\/courroiescooter.com\/wp-content\/uploads\/2020\/09\/371831-300x300.jpg 300w, https:\/\/courroiescooter.com\/wp-content\/uploads\/2020\/09\/371831-150x150.jpg 150w, https:\/\/courroiescooter.com\/wp-content\/uploads\/2020\/09\/371831-768x768.jpg 768w, https:\/\/courroiescooter.com\/wp-content\/uploads\/2020\/09\/371831-500x500.jpg 500w\" sizes=\"(max-width: 980px) 100vw, 980px\" \/>\t\t<\/div>\n\t\t\t\t<div class=\"elementor-portfolio-item__overlay\">\n\t\t\t\t<h3 class=\"elementor-portfolio-item__title\">\n\t\tCOURROIE PIAGGIO TYPHOON, GILERA DNA&#8230; 18.5X838MM MALOSSI X SPECIAL BELT\t\t<\/h3>\n\t\t\t\t<\/div>\n\t\t\t\t<\/a>\n\t\t<\/article>\n\t\t\t\t<\/div>\n\t\t\t\t<\/div>\n\t\t\t\t<\/div>\n\t\t\t\t\t\t<\/div>\n\t\t\t\t\t<\/div>\n\t\t<\/div>\n\t\t\t\t\t\t\t\t<\/div>\n\t\t\t\t\t<\/div>\n\t\t<\/section>\n\t\t\t\t<section class=\"elementor-section elementor-top-section elementor-element elementor-element-3b8b1d9 elementor-section-boxed elementor-section-height-default elementor-section-height-default\" data-id=\"3b8b1d9\" data-element_type=\"section\">\n\t\t\t\t\t\t<div class=\"elementor-container elementor-column-gap-default\">\n\t\t\t\t\t\t\t<div class=\"elementor-row\">\n\t\t\t\t\t<div class=\"elementor-column elementor-col-100 elementor-top-column elementor-element elementor-element-24e3b8d\" data-id=\"24e3b8d\" data-element_type=\"column\">\n\t\t\t<div class=\"elementor-column-wrap elementor-element-populated\">\n\t\t\t\t\t\t\t<div class=\"elementor-widget-wrap\">\n\t\t\t\t\t\t<div class=\"elementor-element elementor-element-a6ed5d7 elementor-widget elementor-widget-text-editor\" data-id=\"a6ed5d7\" data-element_type=\"widget\" data-widget_type=\"text-editor.default\">\n\t\t\t\t<div class=\"elementor-widget-container\">\n\t\t\t\t\t<div class=\"elementor-text-editor elementor-clearfix\"><p>Remplacez votre courroie us\u00e9e par une courroie de transmission de la marque Malossi. Retrouvez une transmission plus homog\u00e8ne pour une conduite plus s\u00fbre. Les courroies trap\u00e9zo\u00efdales Malossi pour scooter ont \u00e9t\u00e9 con\u00e7ues pour durer dans le temps. De par leur robustesse et leur capacit\u00e9 \u00e0 se tendre, elles s&#8217;adaptent facilement \u00e0 tout type de conduite. En cas d&#8217;usure de votre courroie, optez pour une courroie trap\u00e9zo\u00efdale Malossi bon march\u00e9 et retrouvez de nouveau la performance de votre scooter.<\/p><\/div>\n\t\t\t\t<\/div>\n\t\t\t\t<\/div>\n\t\t\t\t\t\t<\/div>\n\t\t\t\t\t<\/div>\n\t\t<\/div>\n\t\t\t\t\t\t\t\t<\/div>\n\t\t\t\t\t<\/div>\n\t\t<\/section>\n\t\t\t\t\t\t<\/div>\n\t\t\t\t\t\t<\/div>\n\t\t\t\t\t<\/div>\n\t\t","protected":false},"excerpt":{"rendered":"<p>Malossi Malossi SpA est un fabricant italien de pi\u00e8ces de r\u00e9glage pour cyclomoteurs et scooters. Cette marque f\u00fbt en 1930 par Armando Malossi. \u00c0 l&#8217;origine, Malossi \u00e9tait sp\u00e9cialis\u00e9e dans le r\u00e9glage des carburateurs Dell&#8217;orto pour motos. Cette activit\u00e9 se poursuit \u00e0 ce jour avec une une vaste gamme de carburateurs et de kits pour cyclomoteurs,&hellip;&nbsp;<a href=\"https:\/\/courroiescooter.com\/index.php\/courroie-piaggio-typhoon-gilera-dna-18-5x838mm-malossi-x-special-belt\/\" class=\"\" rel=\"bookmark\">Read More &raquo;<span class=\"screen-reader-text\">COURROIE PIAGGIO TYPHOON, GILERA DNA&#8230; 18.5X838MM MALOSSI X SPECIAL BELT<\/span><\/a><\/p>\n","protected":false},"author":1,"featured_media":1231,"parent":113,"menu_order":0,"comment_status":"closed","ping_status":"closed","template":"page-templates\/template-pagebuilder-full-width.php","meta":{"neve_meta_sidebar":"full-width","neve_meta_container":"","neve_meta_enable_content_width":"on","neve_meta_content_width":100,"neve_meta_title_alignment":"","neve_meta_author_avatar":"","neve_post_elements_order":"","neve_meta_disable_header":"","neve_meta_disable_footer":"","neve_meta_disable_title":""},"tags":[],"yoast_head":"<!-- This site is optimized with the Yoast SEO plugin v15.2 - https:\/\/yoast.com\/wordpress\/plugins\/seo\/ -->\n<title>Courroies de Transmission de marque pour Scooter - Malossi<\/title>\n<meta name=\"robots\" content=\"index, follow, max-snippet:-1, max-image-preview:large, max-video-preview:-1\" \/>\n<link rel=\"canonical\" href=\"https:\/\/courroiescooter.com\/index.php\/rechercher-par-marque\/malossi\/\" \/>\n<meta property=\"og:locale\" content=\"en_US\" \/>\n<meta property=\"og:type\" content=\"article\" \/>\n<meta property=\"og:title\" content=\"Courroies de Transmission de marque pour Scooter - Malossi\" \/>\n<meta property=\"og:description\" content=\"Malossi Malossi SpA est un fabricant italien de pi\u00e8ces de r\u00e9glage pour cyclomoteurs et scooters. Cette marque f\u00fbt en 1930 par Armando Malossi. \u00c0 l&#8217;origine, Malossi \u00e9tait sp\u00e9cialis\u00e9e dans le r\u00e9glage des carburateurs Dell&#8217;orto pour motos. Cette activit\u00e9 se poursuit \u00e0 ce jour avec une une vaste gamme de carburateurs et de kits pour cyclomoteurs,&hellip;&nbsp;Read More &raquo;COURROIE PIAGGIO TYPHOON, GILERA DNA&#8230; 18.5X838MM MALOSSI X SPECIAL BELT\" \/>\n<meta property=\"og:url\" content=\"https:\/\/courroiescooter.com\/index.php\/rechercher-par-marque\/malossi\/\" \/>\n<meta property=\"og:site_name\" content=\"Courroiescooter.com\" \/>\n<meta property=\"article:modified_time\" content=\"2020-11-19T07:53:49+00:00\" \/>\n<meta property=\"og:image\" content=\"https:\/\/courroiescooter.com\/wp-content\/uploads\/2020\/09\/logo-malossi.jpg\" \/>\n\t<meta property=\"og:image:width\" content=\"450\" \/>\n\t<meta property=\"og:image:height\" content=\"142\" \/>\n<meta name=\"twitter:card\" content=\"summary_large_image\" \/>\n<meta name=\"twitter:label1\" value=\"Written by\">\n\t<meta name=\"twitter:data1\" value=\"admin2296\">\n\t<meta name=\"twitter:label2\" value=\"Est. reading time\">\n\t<meta name=\"twitter:data2\" value=\"1 minute\">\n<script type=\"application\/ld+json\" class=\"yoast-schema-graph\">{\"@context\":\"https:\/\/schema.org\",\"@graph\":[{\"@type\":\"WebSite\",\"@id\":\"https:\/\/courroiescooter.com\/#website\",\"url\":\"https:\/\/courroiescooter.com\/\",\"name\":\"Courroiescooter.com\",\"description\":\"\",\"potentialAction\":[{\"@type\":\"SearchAction\",\"target\":\"https:\/\/courroiescooter.com\/?s={search_term_string}\",\"query-input\":\"required name=search_term_string\"}],\"inLanguage\":\"en-US\"},{\"@type\":\"ImageObject\",\"@id\":\"https:\/\/courroiescooter.com\/index.php\/rechercher-par-marque\/malossi\/#primaryimage\",\"inLanguage\":\"en-US\",\"url\":\"https:\/\/courroiescooter.com\/wp-content\/uploads\/2020\/09\/logo-malossi.jpg\",\"width\":450,\"height\":142},{\"@type\":\"WebPage\",\"@id\":\"https:\/\/courroiescooter.com\/index.php\/rechercher-par-marque\/malossi\/#webpage\",\"url\":\"https:\/\/courroiescooter.com\/index.php\/rechercher-par-marque\/malossi\/\",\"name\":\"Courroies de Transmission de marque pour Scooter - Malossi\",\"isPartOf\":{\"@id\":\"https:\/\/courroiescooter.com\/#website\"},\"primaryImageOfPage\":{\"@id\":\"https:\/\/courroiescooter.com\/index.php\/rechercher-par-marque\/malossi\/#primaryimage\"},\"datePublished\":\"2020-09-17T13:17:30+00:00\",\"dateModified\":\"2020-11-19T07:53:49+00:00\",\"inLanguage\":\"en-US\",\"potentialAction\":[{\"@type\":\"ReadAction\",\"target\":[\"https:\/\/courroiescooter.com\/index.php\/rechercher-par-marque\/malossi\/\"]}]}]}<\/script>\n<!-- \/ Yoast SEO plugin. -->","_links":{"self":[{"href":"https:\/\/courroiescooter.com\/index.php\/wp-json\/wp\/v2\/pages\/1272"}],"collection":[{"href":"https:\/\/courroiescooter.com\/index.php\/wp-json\/wp\/v2\/pages"}],"about":[{"href":"https:\/\/courroiescooter.com\/index.php\/wp-json\/wp\/v2\/types\/page"}],"author":[{"embeddable":true,"href":"https:\/\/courroiescooter.com\/index.php\/wp-json\/wp\/v2\/users\/1"}],"replies":[{"embeddable":true,"href":"https:\/\/courroiescooter.com\/index.php\/wp-json\/wp\/v2\/comments?post=1272"}],"version-history":[{"count":15,"href":"https:\/\/courroiescooter.com\/index.php\/wp-json\/wp\/v2\/pages\/1272\/revisions"}],"predecessor-version":[{"id":1839,"href":"https:\/\/courroiescooter.com\/index.php\/wp-json\/wp\/v2\/pages\/1272\/revisions\/1839"}],"up":[{"embeddable":true,"href":"https:\/\/courroiescooter.com\/index.php\/wp-json\/wp\/v2\/pages\/113"}],"wp:featuredmedia":[{"embeddable":true,"href":"https:\/\/courroiescooter.com\/index.php\/wp-json\/wp\/v2\/media\/1231"}],"wp:attachment":[{"href":"https:\/\/courroiescooter.com\/index.php\/wp-json\/wp\/v2\/media?parent=1272"}],"wp:term":[{"taxonomy":"post_tag","embeddable":true,"href":"https:\/\/courroiescooter.com\/index.php\/wp-json\/wp\/v2\/tags?post=1272"}],"curies":[{"name":"wp","href":"https:\/\/api.w.org\/{rel}","templated":true}]}}