{"id":1247,"date":"2020-09-17T14:20:28","date_gmt":"2020-09-17T12:20:28","guid":{"rendered":"http:\/\/courroiescooter.com\/?page_id=1247"},"modified":"2020-11-17T14:19:02","modified_gmt":"2020-11-17T13:19:02","slug":"hutchinson","status":"publish","type":"page","link":"https:\/\/courroiescooter.com\/index.php\/rechercher-par-marque\/hutchinson\/","title":{"rendered":"Hutchinson"},"content":{"rendered":"\t\t<div data-elementor-type=\"wp-page\" data-elementor-id=\"1247\" class=\"elementor elementor-1247\" data-elementor-settings=\"[]\">\n\t\t\t\t\t\t<div class=\"elementor-inner\">\n\t\t\t\t\t\t\t<div class=\"elementor-section-wrap\">\n\t\t\t\t\t\t\t<section class=\"elementor-section elementor-top-section elementor-element elementor-element-b1ebdca elementor-section-boxed elementor-section-height-default elementor-section-height-default\" data-id=\"b1ebdca\" data-element_type=\"section\">\n\t\t\t\t\t\t<div class=\"elementor-container elementor-column-gap-default\">\n\t\t\t\t\t\t\t<div class=\"elementor-row\">\n\t\t\t\t\t<div class=\"elementor-column elementor-col-50 elementor-top-column elementor-element elementor-element-193c808\" data-id=\"193c808\" data-element_type=\"column\">\n\t\t\t<div class=\"elementor-column-wrap elementor-element-populated\">\n\t\t\t\t\t\t\t<div class=\"elementor-widget-wrap\">\n\t\t\t\t\t\t<div class=\"elementor-element elementor-element-670bb59 elementor-widget elementor-widget-heading\" data-id=\"670bb59\" data-element_type=\"widget\" data-widget_type=\"heading.default\">\n\t\t\t\t<div class=\"elementor-widget-container\">\n\t\t\t<h1 class=\"elementor-heading-title elementor-size-default\">Hutchinson<\/h1>\t\t<\/div>\n\t\t\t\t<\/div>\n\t\t\t\t<div class=\"elementor-element elementor-element-43c3139 elementor-widget elementor-widget-text-editor\" data-id=\"43c3139\" data-element_type=\"widget\" data-widget_type=\"text-editor.default\">\n\t\t\t\t<div class=\"elementor-widget-container\">\n\t\t\t\t\t<div class=\"elementor-text-editor elementor-clearfix\">Hutchinson f\u00fbt cr\u00e9e en France en 1853 par Hiram Hutchinson, un homme d&#8217;affaire am\u00e9ricain.\nSon activit\u00e9 \u00e9tait autrefois ax\u00e9e sur les chaussures, puis elle s&#8217;est rapproch\u00e9e peu \u00e0 peu de l&#8217;automobile en commercialisant des pneus en caoutchouc sur le sol Am\u00e9ricain et Europ\u00e9en.\nAujourd&#8217;hui c&#8217; est un groupe international fran\u00e7ais qui fabrique et commercialise des produits issus de la transformation du caoutchouc, destin\u00e9s principalement au march\u00e9 automobile, a\u00e9rospatiale, de la d\u00e9fense, de l&#8217;\u00e9nergie, du ferroviaire et de l&#8217;industrie. Hutchinson d\u00e9veloppe sans cesse de nouvelles innovations pour participer \u00e0 l\u2019\u00e9volution de la mobilit\u00e9.\nLes courroies pour scooter de la marque Hutchinson sont r\u00e9put\u00e9es pour leur robustesse.<\/div>\n\t\t\t\t<\/div>\n\t\t\t\t<\/div>\n\t\t\t\t\t\t<\/div>\n\t\t\t\t\t<\/div>\n\t\t<\/div>\n\t\t\t\t<div class=\"elementor-column elementor-col-50 elementor-top-column elementor-element elementor-element-09c626e\" data-id=\"09c626e\" data-element_type=\"column\">\n\t\t\t<div class=\"elementor-column-wrap elementor-element-populated\">\n\t\t\t\t\t\t\t<div class=\"elementor-widget-wrap\">\n\t\t\t\t\t\t<div class=\"elementor-element elementor-element-52ca93f elementor--h-position-center elementor--v-position-middle elementor-arrows-position-inside elementor-pagination-position-inside elementor-widget elementor-widget-slides\" data-id=\"52ca93f\" data-element_type=\"widget\" data-settings=\"{&quot;navigation&quot;:&quot;both&quot;,&quot;autoplay&quot;:&quot;yes&quot;,&quot;pause_on_hover&quot;:&quot;yes&quot;,&quot;pause_on_interaction&quot;:&quot;yes&quot;,&quot;autoplay_speed&quot;:5000,&quot;infinite&quot;:&quot;yes&quot;,&quot;transition&quot;:&quot;slide&quot;,&quot;transition_speed&quot;:500}\" data-widget_type=\"slides.default\">\n\t\t\t\t<div class=\"elementor-widget-container\">\n\t\t\t\t\t<div class=\"elementor-swiper\">\n\t\t\t<div class=\"elementor-slides-wrapper elementor-main-swiper swiper-container\" dir=\"ltr\" data-animation=\"fadeInRight\">\n\t\t\t\t<div class=\"swiper-wrapper elementor-slides\">\n\t\t\t\t\t<div class=\"elementor-repeater-item-c06aaaf swiper-slide\"><div class=\"swiper-slide-bg\"><\/div><div class=\"swiper-slide-inner\" ><div class=\"swiper-slide-contents\"><\/div><\/div><\/div>\t\t\t\t<\/div>\n\t\t\t\t\t\t\t<\/div>\n\t\t<\/div>\n\t\t\t\t<\/div>\n\t\t\t\t<\/div>\n\t\t\t\t\t\t<\/div>\n\t\t\t\t\t<\/div>\n\t\t<\/div>\n\t\t\t\t\t\t\t\t<\/div>\n\t\t\t\t\t<\/div>\n\t\t<\/section>\n\t\t\t\t<section class=\"elementor-section elementor-top-section elementor-element elementor-element-3ebb400 elementor-section-boxed elementor-section-height-default elementor-section-height-default\" data-id=\"3ebb400\" data-element_type=\"section\">\n\t\t\t\t\t\t<div class=\"elementor-container elementor-column-gap-default\">\n\t\t\t\t\t\t\t<div class=\"elementor-row\">\n\t\t\t\t\t<div class=\"elementor-column elementor-col-100 elementor-top-column elementor-element elementor-element-c54b5d5\" data-id=\"c54b5d5\" data-element_type=\"column\">\n\t\t\t<div class=\"elementor-column-wrap elementor-element-populated\">\n\t\t\t\t\t\t\t<div class=\"elementor-widget-wrap\">\n\t\t\t\t\t\t<div class=\"elementor-element elementor-element-8a43cce elementor-grid-4 elementor-grid-tablet-2 elementor-grid-mobile-1 elementor-widget elementor-widget-portfolio\" data-id=\"8a43cce\" data-element_type=\"widget\" data-settings=\"{&quot;columns&quot;:&quot;4&quot;,&quot;row_gap&quot;:{&quot;unit&quot;:&quot;px&quot;,&quot;size&quot;:7,&quot;sizes&quot;:[]},&quot;item_ratio&quot;:{&quot;unit&quot;:&quot;px&quot;,&quot;size&quot;:1,&quot;sizes&quot;:[]},&quot;columns_tablet&quot;:&quot;2&quot;,&quot;columns_mobile&quot;:&quot;1&quot;,&quot;item_gap&quot;:{&quot;unit&quot;:&quot;px&quot;,&quot;size&quot;:&quot;&quot;,&quot;sizes&quot;:[]}}\" data-widget_type=\"portfolio.default\">\n\t\t\t\t<div class=\"elementor-widget-container\">\n\t\t\t\t\t<div class=\"elementor-portfolio elementor-grid elementor-posts-container\">\n\t\t\t\t<article class=\"elementor-portfolio-item elementor-post elementor-filter-87 post-501 page type-page status-publish has-post-thumbnail hentry tag-hutchinson\">\n\t\t\t<a class=\"elementor-post__thumbnail__link\" href=\"https:\/\/courroiescooter.com\/index.php\/courroie-mbk-booster-nitro-pgo-165x758mm-50-2t-hutchinson\/\">\n\t\t\t\t<div class=\"elementor-portfolio-item__img elementor-post__thumbnail\">\n\t\t\t<img width=\"980\" height=\"980\" src=\"https:\/\/courroiescooter.com\/wp-content\/uploads\/2020\/09\/328453.jpg\" class=\"attachment-full size-full\" alt=\"\" loading=\"lazy\" srcset=\"https:\/\/courroiescooter.com\/wp-content\/uploads\/2020\/09\/328453.jpg 980w, https:\/\/courroiescooter.com\/wp-content\/uploads\/2020\/09\/328453-300x300.jpg 300w, https:\/\/courroiescooter.com\/wp-content\/uploads\/2020\/09\/328453-150x150.jpg 150w, https:\/\/courroiescooter.com\/wp-content\/uploads\/2020\/09\/328453-768x768.jpg 768w, https:\/\/courroiescooter.com\/wp-content\/uploads\/2020\/09\/328453-500x500.jpg 500w\" sizes=\"(max-width: 980px) 100vw, 980px\" \/>\t\t<\/div>\n\t\t\t\t<div class=\"elementor-portfolio-item__overlay\">\n\t\t\t\t<h3 class=\"elementor-portfolio-item__title\">\n\t\tCOURROIE MBK BOOSTER, NITRO, PGO&#8230; 16,5X758MM 50 2T HUTCHINSON\t\t<\/h3>\n\t\t\t\t<\/div>\n\t\t\t\t<\/a>\n\t\t<\/article>\n\t\t\t\t<article class=\"elementor-portfolio-item elementor-post elementor-filter-87 post-860 page type-page status-publish has-post-thumbnail hentry tag-hutchinson\">\n\t\t\t<a class=\"elementor-post__thumbnail__link\" href=\"https:\/\/courroiescooter.com\/index.php\/courroie-peugeot-kisbee-ludix-tkr-18x770mm-50-2t-hutchinson\/\">\n\t\t\t\t<div class=\"elementor-portfolio-item__img elementor-post__thumbnail\">\n\t\t\t<img width=\"980\" height=\"980\" src=\"https:\/\/courroiescooter.com\/wp-content\/uploads\/2020\/09\/328449.jpg\" class=\"attachment-full size-full\" alt=\"Courroie de transmission trap\u00e9zo\u00efdale pour scooter\" loading=\"lazy\" srcset=\"https:\/\/courroiescooter.com\/wp-content\/uploads\/2020\/09\/328449.jpg 980w, https:\/\/courroiescooter.com\/wp-content\/uploads\/2020\/09\/328449-300x300.jpg 300w, https:\/\/courroiescooter.com\/wp-content\/uploads\/2020\/09\/328449-150x150.jpg 150w, https:\/\/courroiescooter.com\/wp-content\/uploads\/2020\/09\/328449-768x768.jpg 768w, https:\/\/courroiescooter.com\/wp-content\/uploads\/2020\/09\/328449-500x500.jpg 500w\" sizes=\"(max-width: 980px) 100vw, 980px\" \/>\t\t<\/div>\n\t\t\t\t<div class=\"elementor-portfolio-item__overlay\">\n\t\t\t\t<h3 class=\"elementor-portfolio-item__title\">\n\t\tCOURROIE PEUGEOT KISBEE, LUDIX, TKR&#8230; 18X770MM 50 2T HUTCHINSON\t\t<\/h3>\n\t\t\t\t<\/div>\n\t\t\t\t<\/a>\n\t\t<\/article>\n\t\t\t\t<\/div>\n\t\t\t\t<\/div>\n\t\t\t\t<\/div>\n\t\t\t\t\t\t<\/div>\n\t\t\t\t\t<\/div>\n\t\t<\/div>\n\t\t\t\t\t\t\t\t<\/div>\n\t\t\t\t\t<\/div>\n\t\t<\/section>\n\t\t\t\t<section class=\"elementor-section elementor-top-section elementor-element elementor-element-ee3a9af elementor-section-boxed elementor-section-height-default elementor-section-height-default\" data-id=\"ee3a9af\" data-element_type=\"section\">\n\t\t\t\t\t\t<div class=\"elementor-container elementor-column-gap-default\">\n\t\t\t\t\t\t\t<div class=\"elementor-row\">\n\t\t\t\t\t<div class=\"elementor-column elementor-col-100 elementor-top-column elementor-element elementor-element-68cdc9a\" data-id=\"68cdc9a\" data-element_type=\"column\">\n\t\t\t<div class=\"elementor-column-wrap elementor-element-populated\">\n\t\t\t\t\t\t\t<div class=\"elementor-widget-wrap\">\n\t\t\t\t\t\t<div class=\"elementor-element elementor-element-6f080dd elementor-widget elementor-widget-text-editor\" data-id=\"6f080dd\" data-element_type=\"widget\" data-widget_type=\"text-editor.default\">\n\t\t\t\t<div class=\"elementor-widget-container\">\n\t\t\t\t\t<div class=\"elementor-text-editor elementor-clearfix\"><p>Hutchinson est la marque pionni\u00e8re et l&#8217;une des plus fiables du monde en mati\u00e8re de courroie trap\u00e9zo\u00efdale. Depuis tr\u00e8s longtemps, les courroies de transmission Hutchinson r\u00e9pondent parfaitement aux exigences des constructeurs. Plus g\u00e9n\u00e9ralement connue dans le monde du deux-roues pour ses pneus et ses chambres \u00e0 air, Hutchinson a su, de par la qualit\u00e9 de ses produits, s&#8217;imposer sur le march\u00e9 de la courroie de transmission scooter. Elle pr\u00e9sente aujourd&#8217;hui une large gamme de courroies de transmission adapt\u00e9es \u00e0 votre mod\u00e8le de scooter. On peut citer par exemple le&nbsp;MBK Booster, le Yamaha Aerox, le Beta Ark, le Italjet Pista ou encore le PGO Big Max.<\/p><\/div>\n\t\t\t\t<\/div>\n\t\t\t\t<\/div>\n\t\t\t\t\t\t<\/div>\n\t\t\t\t\t<\/div>\n\t\t<\/div>\n\t\t\t\t\t\t\t\t<\/div>\n\t\t\t\t\t<\/div>\n\t\t<\/section>\n\t\t\t\t\t\t<\/div>\n\t\t\t\t\t\t<\/div>\n\t\t\t\t\t<\/div>\n\t\t","protected":false},"excerpt":{"rendered":"<p>Hutchinson Hutchinson f\u00fbt cr\u00e9e en France en 1853 par Hiram Hutchinson, un homme d&#8217;affaire am\u00e9ricain. Son activit\u00e9 \u00e9tait autrefois ax\u00e9e sur les chaussures, puis elle s&#8217;est rapproch\u00e9e peu \u00e0 peu de l&#8217;automobile en commercialisant des pneus en caoutchouc sur le sol Am\u00e9ricain et Europ\u00e9en. Aujourd&#8217;hui c&#8217; est un groupe international fran\u00e7ais qui fabrique et commercialise&hellip;&nbsp;<a href=\"https:\/\/courroiescooter.com\/index.php\/courroie-peugeot-kisbee-ludix-tkr-18x770mm-50-2t-hutchinson\/\" class=\"\" rel=\"bookmark\">Read More &raquo;<span class=\"screen-reader-text\">COURROIE PEUGEOT KISBEE, LUDIX, TKR&#8230; 18X770MM 50 2T HUTCHINSON<\/span><\/a><\/p>\n","protected":false},"author":1,"featured_media":1270,"parent":113,"menu_order":0,"comment_status":"closed","ping_status":"closed","template":"page-templates\/template-pagebuilder-full-width.php","meta":{"neve_meta_sidebar":"full-width","neve_meta_container":"","neve_meta_enable_content_width":"on","neve_meta_content_width":100,"neve_meta_title_alignment":"","neve_meta_author_avatar":"","neve_post_elements_order":"","neve_meta_disable_header":"","neve_meta_disable_footer":"","neve_meta_disable_title":""},"tags":[],"yoast_head":"<!-- This site is optimized with the Yoast SEO plugin v15.2 - https:\/\/yoast.com\/wordpress\/plugins\/seo\/ -->\n<title>Courroies de Transmission Hutchinson pour Scooter<\/title>\n<meta name=\"robots\" content=\"index, follow, max-snippet:-1, max-image-preview:large, max-video-preview:-1\" \/>\n<link rel=\"canonical\" href=\"https:\/\/courroiescooter.com\/index.php\/rechercher-par-marque\/hutchinson\/\" \/>\n<meta property=\"og:locale\" content=\"en_US\" \/>\n<meta property=\"og:type\" content=\"article\" \/>\n<meta property=\"og:title\" content=\"Courroies de Transmission Hutchinson pour Scooter\" \/>\n<meta property=\"og:description\" content=\"Hutchinson Hutchinson f\u00fbt cr\u00e9e en France en 1853 par Hiram Hutchinson, un homme d&#8217;affaire am\u00e9ricain. Son activit\u00e9 \u00e9tait autrefois ax\u00e9e sur les chaussures, puis elle s&#8217;est rapproch\u00e9e peu \u00e0 peu de l&#8217;automobile en commercialisant des pneus en caoutchouc sur le sol Am\u00e9ricain et Europ\u00e9en. Aujourd&#8217;hui c&#8217; est un groupe international fran\u00e7ais qui fabrique et commercialise&hellip;&nbsp;Read More &raquo;COURROIE PEUGEOT KISBEE, LUDIX, TKR&#8230; 18X770MM 50 2T HUTCHINSON\" \/>\n<meta property=\"og:url\" content=\"https:\/\/courroiescooter.com\/index.php\/rechercher-par-marque\/hutchinson\/\" \/>\n<meta property=\"og:site_name\" content=\"Courroiescooter.com\" \/>\n<meta property=\"article:modified_time\" content=\"2020-11-17T13:19:02+00:00\" \/>\n<meta property=\"og:image\" content=\"https:\/\/courroiescooter.com\/wp-content\/uploads\/2020\/09\/logo-hutchinson.jpg\" \/>\n\t<meta property=\"og:image:width\" content=\"808\" \/>\n\t<meta property=\"og:image:height\" content=\"249\" \/>\n<meta name=\"twitter:card\" content=\"summary_large_image\" \/>\n<meta name=\"twitter:label1\" value=\"Written by\">\n\t<meta name=\"twitter:data1\" value=\"admin2296\">\n\t<meta name=\"twitter:label2\" value=\"Est. reading time\">\n\t<meta name=\"twitter:data2\" value=\"1 minute\">\n<script type=\"application\/ld+json\" class=\"yoast-schema-graph\">{\"@context\":\"https:\/\/schema.org\",\"@graph\":[{\"@type\":\"WebSite\",\"@id\":\"https:\/\/courroiescooter.com\/#website\",\"url\":\"https:\/\/courroiescooter.com\/\",\"name\":\"Courroiescooter.com\",\"description\":\"\",\"potentialAction\":[{\"@type\":\"SearchAction\",\"target\":\"https:\/\/courroiescooter.com\/?s={search_term_string}\",\"query-input\":\"required name=search_term_string\"}],\"inLanguage\":\"en-US\"},{\"@type\":\"ImageObject\",\"@id\":\"https:\/\/courroiescooter.com\/index.php\/rechercher-par-marque\/hutchinson\/#primaryimage\",\"inLanguage\":\"en-US\",\"url\":\"https:\/\/courroiescooter.com\/wp-content\/uploads\/2020\/09\/logo-hutchinson.jpg\",\"width\":808,\"height\":249,\"caption\":\"logo Hutchinson\"},{\"@type\":\"WebPage\",\"@id\":\"https:\/\/courroiescooter.com\/index.php\/rechercher-par-marque\/hutchinson\/#webpage\",\"url\":\"https:\/\/courroiescooter.com\/index.php\/rechercher-par-marque\/hutchinson\/\",\"name\":\"Courroies de Transmission Hutchinson pour Scooter\",\"isPartOf\":{\"@id\":\"https:\/\/courroiescooter.com\/#website\"},\"primaryImageOfPage\":{\"@id\":\"https:\/\/courroiescooter.com\/index.php\/rechercher-par-marque\/hutchinson\/#primaryimage\"},\"datePublished\":\"2020-09-17T12:20:28+00:00\",\"dateModified\":\"2020-11-17T13:19:02+00:00\",\"inLanguage\":\"en-US\",\"potentialAction\":[{\"@type\":\"ReadAction\",\"target\":[\"https:\/\/courroiescooter.com\/index.php\/rechercher-par-marque\/hutchinson\/\"]}]}]}<\/script>\n<!-- \/ Yoast SEO plugin. -->","_links":{"self":[{"href":"https:\/\/courroiescooter.com\/index.php\/wp-json\/wp\/v2\/pages\/1247"}],"collection":[{"href":"https:\/\/courroiescooter.com\/index.php\/wp-json\/wp\/v2\/pages"}],"about":[{"href":"https:\/\/courroiescooter.com\/index.php\/wp-json\/wp\/v2\/types\/page"}],"author":[{"embeddable":true,"href":"https:\/\/courroiescooter.com\/index.php\/wp-json\/wp\/v2\/users\/1"}],"replies":[{"embeddable":true,"href":"https:\/\/courroiescooter.com\/index.php\/wp-json\/wp\/v2\/comments?post=1247"}],"version-history":[{"count":26,"href":"https:\/\/courroiescooter.com\/index.php\/wp-json\/wp\/v2\/pages\/1247\/revisions"}],"predecessor-version":[{"id":1837,"href":"https:\/\/courroiescooter.com\/index.php\/wp-json\/wp\/v2\/pages\/1247\/revisions\/1837"}],"up":[{"embeddable":true,"href":"https:\/\/courroiescooter.com\/index.php\/wp-json\/wp\/v2\/pages\/113"}],"wp:featuredmedia":[{"embeddable":true,"href":"https:\/\/courroiescooter.com\/index.php\/wp-json\/wp\/v2\/media\/1270"}],"wp:attachment":[{"href":"https:\/\/courroiescooter.com\/index.php\/wp-json\/wp\/v2\/media?parent=1247"}],"wp:term":[{"taxonomy":"post_tag","embeddable":true,"href":"https:\/\/courroiescooter.com\/index.php\/wp-json\/wp\/v2\/tags?post=1247"}],"curies":[{"name":"wp","href":"https:\/\/api.w.org\/{rel}","templated":true}]}}